{"id":141,"date":"2022-04-22T01:27:07","date_gmt":"2022-04-22T01:27:07","guid":{"rendered":"http:\/\/uuee.ejercito.mil.uy\/rna\/\/?page_id=141"},"modified":"2022-09-07T09:18:22","modified_gmt":"2022-09-07T12:18:22","slug":"coleccionistas","status":"publish","type":"page","link":"https:\/\/uuee.ejercito.mil.uy\/rna\/coleccionistas\/","title":{"rendered":"Coleccionistas"},"content":{"rendered":"\n<div class=\"wp-block-cover is-light\" style=\"min-height:300px;aspect-ratio:unset;\"><span aria-hidden=\"true\" class=\"wp-block-cover__background has-background-dim-100 has-background-dim has-background-gradient\" style=\"background:linear-gradient(135deg,rgb(0,51,31) 43%,rgb(0,28,15) 100%)\"><\/span><div class=\"wp-block-cover__inner-container is-layout-flow wp-block-cover-is-layout-flow\">\n<h2 id=\"wp-block-themeisle-blocks-advanced-heading-0dc41a61\" class=\"wp-block-themeisle-blocks-advanced-heading wp-block-themeisle-blocks-advanced-heading-0dc41a61\"><strong>Coleccionistas<\/strong><\/h2>\n<\/div><\/div>\n\n\n\n<div style=\"height:100px\" aria-hidden=\"true\" class=\"wp-block-spacer\"><\/div>\n\n\n\n<p><strong>REQUISITOS:<\/strong><\/p>\n\n\n\n<ul class=\"wp-block-list\"><li>Fotocopia de c\u00e9dula de identidad.<\/li><li>Fotocopia de T\u00edtulo de Habilitaci\u00f3n para la Adquisici\u00f3n y Tenencia de Armas (civiles).<\/li><li>Fotocopia de carn\u00e9 militar o policial (oficiales en actividad) y para los oficiales en situaci\u00f3n de retiro constancia del S.R.P.FF.AA. o Policial.<\/li><li>2 (dos) fotos carn\u00e9.<\/li><li>Constancia de domicilio.<\/li><li>Certificado de actividad laboral e ingresos (SS.OO. presentar constancia de recibo de sueldo).<\/li><li>Registro fotogr\u00e1fico n\u00edtido de todas las armas y numeraci\u00f3n legible.<\/li><li>Registro fotogr\u00e1fico de medidas de seguridad.<\/li><li><strong>Costo 1,5 U.R.<\/strong><\/li><li><a href=\"https:\/\/www.google.com\/url?q=https%3A%2F%2Fwww.impo.com.uy%2Fbases%2Fdecretos%2F345-2020&amp;sa=D&amp;sntz=1&amp;usg=AOvVaw14EmlFGizWg15FzqzLNG55\" target=\"_blank\" rel=\"noreferrer noopener\">Decreto 345\/020 del 18 de diciembre del 2020<\/a><\/li><li><a href=\"https:\/\/www.google.com\/url?q=https%3A%2F%2Fmega.nz%2Ffile%2FDLAjQajY%23KwxrrnKE45KyytDJTWtLEaDvmKrJQwVMrM378QZ2mCU&amp;sa=D&amp;sntz=1&amp;usg=AOvVaw0jM7xFSGjlx4CsLpkSDUI6\" target=\"_blank\" rel=\"noreferrer noopener\"><strong>Formulario coleccionista nuevo<\/strong><\/a><\/li><\/ul>\n\n\n\n<p><strong>Renovaci\u00f3n de habilitaci\u00f3n de coleccionistas:<\/strong><\/p>\n\n\n\n<ul class=\"wp-block-list\"><li>Fotocopia de c\u00e9dula de identidad.<\/li><li>Fotocopia de t\u00edtulo de habilitaci\u00f3n para la adquisici\u00f3n y tenencia de armas (civiles).<\/li><li>Constancia de domicilio.<\/li><li><a href=\"https:\/\/www.google.com\/url?q=https%3A%2F%2Fmega.nz%2Ffile%2F6fRSkbyD%23WYagZElDdxI8BKkUUPJStE9mlsZ_qI-WjmW7MIW1KMU&amp;sa=D&amp;sntz=1&amp;usg=AOvVaw2rSKe9EZGCAnCxMPGx5VJi\" target=\"_blank\" rel=\"noreferrer noopener\"><strong>Declaraci\u00f3n jurada<\/strong><\/a><\/li><li><strong>Costo 0,5 U.R.<\/strong><\/li><\/ul>\n","protected":false},"excerpt":{"rendered":"<p>REQUISITOS: Fotocopia de c\u00e9dula de identidad. Fotocopia de T\u00edtulo de Habilitaci\u00f3n para la Adquisici\u00f3n y Tenencia de Armas (civiles). Fotocopia de carn\u00e9 militar o policial (oficiales en actividad) y para los oficiales en situaci\u00f3n de retiro constancia del S.R.P.FF.AA. o Policial. 2 (dos) fotos carn\u00e9. Constancia de domicilio. Certificado de actividad laboral e ingresos (SS.OO.&hellip;&nbsp;<a href=\"https:\/\/uuee.ejercito.mil.uy\/rna\/coleccionistas\/\" rel=\"bookmark\">Leer m\u00e1s &raquo;<span class=\"screen-reader-text\">Coleccionistas<\/span><\/a><\/p>\n","protected":false},"author":1,"featured_media":0,"parent":0,"menu_order":0,"comment_status":"closed","ping_status":"closed","template":"","meta":{"neve_meta_sidebar":"","neve_meta_container":"full-width","neve_meta_enable_content_width":"on","neve_meta_content_width":99,"neve_meta_title_alignment":"left","neve_meta_author_avatar":"","neve_post_elements_order":"","neve_meta_disable_header":"","neve_meta_disable_footer":"","neve_meta_disable_title":"on","_themeisle_gutenberg_block_has_review":false,"footnotes":""},"class_list":["post-141","page","type-page","status-publish","hentry"],"_links":{"self":[{"href":"https:\/\/uuee.ejercito.mil.uy\/rna\/wp-json\/wp\/v2\/pages\/141","targetHints":{"allow":["GET"]}}],"collection":[{"href":"https:\/\/uuee.ejercito.mil.uy\/rna\/wp-json\/wp\/v2\/pages"}],"about":[{"href":"https:\/\/uuee.ejercito.mil.uy\/rna\/wp-json\/wp\/v2\/types\/page"}],"author":[{"embeddable":true,"href":"https:\/\/uuee.ejercito.mil.uy\/rna\/wp-json\/wp\/v2\/users\/1"}],"replies":[{"embeddable":true,"href":"https:\/\/uuee.ejercito.mil.uy\/rna\/wp-json\/wp\/v2\/comments?post=141"}],"version-history":[{"count":8,"href":"https:\/\/uuee.ejercito.mil.uy\/rna\/wp-json\/wp\/v2\/pages\/141\/revisions"}],"predecessor-version":[{"id":425,"href":"https:\/\/uuee.ejercito.mil.uy\/rna\/wp-json\/wp\/v2\/pages\/141\/revisions\/425"}],"wp:attachment":[{"href":"https:\/\/uuee.ejercito.mil.uy\/rna\/wp-json\/wp\/v2\/media?parent=141"}],"curies":[{"name":"wp","href":"https:\/\/api.w.org\/{rel}","templated":true}]}}