{"id":118,"date":"2022-04-21T18:54:16","date_gmt":"2022-04-21T18:54:16","guid":{"rendered":"http:\/\/uuee.ejercito.mil.uy\/rna\/\/?page_id=118"},"modified":"2022-09-07T09:14:39","modified_gmt":"2022-09-07T12:14:39","slug":"departamento-de-registro-de-armas","status":"publish","type":"page","link":"https:\/\/uuee.ejercito.mil.uy\/rna\/departamento-de-registro-de-armas\/","title":{"rendered":"Departamento Registro de Armas"},"content":{"rendered":"\n<div class=\"wp-block-cover is-light\" style=\"min-height:300px;aspect-ratio:unset;\"><span aria-hidden=\"true\" class=\"wp-block-cover__background has-background-dim-100 has-background-dim has-background-gradient\" style=\"background:linear-gradient(135deg,rgb(0,51,31) 43%,rgb(0,28,15) 100%)\"><\/span><div class=\"wp-block-cover__inner-container is-layout-flow wp-block-cover-is-layout-flow\">\n<h2 id=\"wp-block-themeisle-blocks-advanced-heading-0dc41a61\" class=\"wp-block-themeisle-blocks-advanced-heading wp-block-themeisle-blocks-advanced-heading-0dc41a61\">Departamento<strong><br>Registro de Armas<\/strong><\/h2>\n<\/div><\/div>\n\n\n\n<div id=\"wp-block-themeisle-blocks-advanced-columns-b2454560\" class=\"wp-block-themeisle-blocks-advanced-columns has-1-columns has-desktop-equal-layout has-tablet-equal-layout has-mobile-equal-layout has-vertical-unset\"><div class=\"wp-block-themeisle-blocks-advanced-columns-overlay\"><\/div><div class=\"innerblocks-wrap\">\n<div id=\"wp-block-themeisle-blocks-advanced-column-46ebc4b1\" class=\"wp-block-themeisle-blocks-advanced-column\">\n<p><strong>REQUISITOS:&nbsp;<\/strong><\/p>\n\n\n\n<ul class=\"wp-block-list\"><li>Ser mayor de 18 a\u00f1os de edad.<\/li><li>C\u00e9dula de identidad vigente y fotocopia.<\/li><li>Constancia de domicilio a nombre del solicitante con fecha de expedici\u00f3n no mayor a 60 d\u00edas, (fotocopia recibo de UTE, OSE, ANTEL, etc., o Certificado de la Seccional Policial correspondiente).<\/li><li>Original y fotocopia de T\u00edtulo de Habilitaci\u00f3n para Adquisici\u00f3n y Tenencia de Armas (THATA), expedido por el Ministerio del Interior.<\/li><li>Costo 0.60 U.R.<\/li><li><a href=\"https:\/\/mega.nz\/file\/KaZxCQZL#BtyXr5hXdb-cgs8EiIA8a5gKs57qPgPro1dqKoMvejE\"><strong>Formulario GA01<\/strong><\/a>.<\/li><\/ul>\n\n\n\n<p>&nbsp;&nbsp;&nbsp;&nbsp;Otros datos de inter\u00e9s.<\/p>\n\n\n\n<ul class=\"wp-block-list\"><li>La Gu\u00eda de Posesi\u00f3n de armas tiene una vigencia de 10 a\u00f1os a partir de su fecha de expedici\u00f3n.<\/li><li><a href=\"https:\/\/www.impo.com.uy\/bases\/decretos\/345-2020\"><strong>Decreto 345\/020 del 18 de diciembre del 2020<\/strong><\/a>.<\/li><li><a href=\"https:\/\/mega.nz\/file\/6HxH1ACL#ObOLA_A5YU-rB9VObJTmTDaM6s6lrdqeICIMsZgG31U\"><strong>Declaraci\u00f3n Jurada<\/strong><\/a><strong>.<\/strong><\/li><\/ul>\n\n\n\n<p><a href=\"https:\/\/mega.nz\/file\/yawDECrS#Go94XPYGRcaqowq2Ap0CGfXUjTtral0kzhiECvr_iV4\"><strong>Constancia para SS.OO<\/strong><\/a><strong>.<\/strong><\/p>\n<\/div>\n<\/div><\/div>\n","protected":false},"excerpt":{"rendered":"","protected":false},"author":1,"featured_media":134,"parent":0,"menu_order":0,"comment_status":"closed","ping_status":"closed","template":"","meta":{"neve_meta_sidebar":"","neve_meta_container":"full-width","neve_meta_enable_content_width":"on","neve_meta_content_width":99,"neve_meta_title_alignment":"","neve_meta_author_avatar":"","neve_post_elements_order":"","neve_meta_disable_header":"","neve_meta_disable_footer":"","neve_meta_disable_title":"on","_themeisle_gutenberg_block_has_review":false,"footnotes":""},"class_list":["post-118","page","type-page","status-publish","has-post-thumbnail","hentry"],"_links":{"self":[{"href":"https:\/\/uuee.ejercito.mil.uy\/rna\/wp-json\/wp\/v2\/pages\/118","targetHints":{"allow":["GET"]}}],"collection":[{"href":"https:\/\/uuee.ejercito.mil.uy\/rna\/wp-json\/wp\/v2\/pages"}],"about":[{"href":"https:\/\/uuee.ejercito.mil.uy\/rna\/wp-json\/wp\/v2\/types\/page"}],"author":[{"embeddable":true,"href":"https:\/\/uuee.ejercito.mil.uy\/rna\/wp-json\/wp\/v2\/users\/1"}],"replies":[{"embeddable":true,"href":"https:\/\/uuee.ejercito.mil.uy\/rna\/wp-json\/wp\/v2\/comments?post=118"}],"version-history":[{"count":7,"href":"https:\/\/uuee.ejercito.mil.uy\/rna\/wp-json\/wp\/v2\/pages\/118\/revisions"}],"predecessor-version":[{"id":418,"href":"https:\/\/uuee.ejercito.mil.uy\/rna\/wp-json\/wp\/v2\/pages\/118\/revisions\/418"}],"wp:featuredmedia":[{"embeddable":true,"href":"https:\/\/uuee.ejercito.mil.uy\/rna\/wp-json\/wp\/v2\/media\/134"}],"wp:attachment":[{"href":"https:\/\/uuee.ejercito.mil.uy\/rna\/wp-json\/wp\/v2\/media?parent=118"}],"curies":[{"name":"wp","href":"https:\/\/api.w.org\/{rel}","templated":true}]}}