{"id":23,"date":"2026-04-21T13:11:10","date_gmt":"2026-04-21T16:11:10","guid":{"rendered":"https:\/\/uuee.ejercito.mil.uy\/rc1\/?page_id=23"},"modified":"2026-04-24T11:59:26","modified_gmt":"2026-04-24T14:59:26","slug":"historia","status":"publish","type":"page","link":"https:\/\/uuee.ejercito.mil.uy\/rc1\/historia\/","title":{"rendered":"HISTORIA"},"content":{"rendered":"\n<h2 class=\"wp-block-heading has-text-color has-link-color wp-elements-2113c5c8758ff12e7e876333dce82d73\" style=\"color:#f4eee4\">Origen, continuidad hist\u00f3rica y tradici\u00f3n blandengue<\/h2>\n\n\n\n<div class=\"wp-block-columns is-layout-flex wp-container-core-columns-is-layout-9d6595d7 wp-block-columns-is-layout-flex\">\n<div class=\"wp-block-column has-medium-font-size is-layout-flow wp-block-column-is-layout-flow\" style=\"flex-basis:43%\">\n<div class=\"wp-block-group has-border-color has-nv-light-bg-background-color has-background has-medium-font-size\" style=\"border-color:#d2b07742;border-width:1px;border-top-left-radius:22px;border-top-right-radius:22px;border-bottom-left-radius:22px;border-bottom-right-radius:22px;padding-top:var(--wp--preset--spacing--50);padding-right:var(--wp--preset--spacing--50);padding-bottom:var(--wp--preset--spacing--50);padding-left:var(--wp--preset--spacing--50)\"><div class=\"wp-block-group__inner-container is-layout-constrained wp-container-core-group-is-layout-1c1b4f74 wp-block-group-is-layout-constrained\">\n<p class=\"has-neve-link-hover-color-color has-text-color has-link-color has-medium-font-size wp-elements-9924a4a0be6b75ed7aec67930dc29836\">El Regimiento Blandengues de Artigas fue creado el 7 de diciembre de 1796 con el nombre de \u201cCuerpo de Blandengues de la Frontera de Montevideo\u201d por Decreto del Virrey Pedro Melo de Portugal y Villena, siendo su primera sede el Cuartel de Dragones en la ciudad de Maldonado para vigilar la Frontera Norte.<\/p>\n\n\n\n<p class=\"has-neve-link-hover-color-color has-text-color has-link-color has-medium-font-size wp-elements-d27b7c7b26f5e2383d30147406359ec8\">Uno de sus primeros integrantes fue quien se convertir\u00eda en su Jefe inmortal, el Gral. Jos\u00e9 Gervasio Artigas, quien ingres\u00f3 como Soldado el 10 de marzo de 1797.<\/p>\n\n\n\n<p class=\"has-neve-link-hover-color-color has-text-color has-link-color has-medium-font-size wp-elements-9480ba92cf7515344dc14b22002bdb91\">En 1811 los blandengues cabalgaron con el ya Capit\u00e1n Jos\u00e9 Artigas hacia la conquista de la independencia, pasando por la Batalla de Las Piedras, los Sitios de Montevideo y el \u00c9xodo del Pueblo Oriental, dejando atr\u00e1s sus bienes y riquezas en defensa de sus ideales.<\/p>\n\n\n\n<p class=\"has-neve-link-hover-color-color has-text-color has-link-color has-medium-font-size wp-elements-e09ebca6db6bfa364afee3a3bc660d2b\">En el a\u00f1o 1858 adquiere su actual misi\u00f3n de \u201cEscolta Presidencial\u201d y el 25 de Agosto de 1910 recibe su actual denominaci\u00f3n de \u201cRegimiento Blandengues de Artigas de Caballer\u00eda N.\u00ba 1\u201d. Ese mismo d\u00eda se inaugura la actual sede, obra del Gral. Arquitecto Alfredo R. Campos.<\/p>\n<\/div><\/div>\n\n\n\n<figure class=\"wp-block-image size-full has-custom-border is-style-rounded\"><img loading=\"lazy\" decoding=\"async\" width=\"2407\" height=\"1602\" src=\"https:\/\/uuee.ejercito.mil.uy\/rc1\/wp-content\/uploads\/sites\/8\/2026\/04\/fgr_01.jpg\" alt=\"\" class=\"has-border-color wp-image-115\" style=\"border-color:var(--nv-primary-accent);border-width:1px;border-top-left-radius:42px;border-top-right-radius:42px;border-bottom-left-radius:42px;border-bottom-right-radius:42px\" srcset=\"https:\/\/uuee.ejercito.mil.uy\/rc1\/wp-content\/uploads\/sites\/8\/2026\/04\/fgr_01.jpg 2407w, https:\/\/uuee.ejercito.mil.uy\/rc1\/wp-content\/uploads\/sites\/8\/2026\/04\/fgr_01-300x200.jpg 300w, https:\/\/uuee.ejercito.mil.uy\/rc1\/wp-content\/uploads\/sites\/8\/2026\/04\/fgr_01-1024x682.jpg 1024w, https:\/\/uuee.ejercito.mil.uy\/rc1\/wp-content\/uploads\/sites\/8\/2026\/04\/fgr_01-768x511.jpg 768w, https:\/\/uuee.ejercito.mil.uy\/rc1\/wp-content\/uploads\/sites\/8\/2026\/04\/fgr_01-1536x1022.jpg 1536w, https:\/\/uuee.ejercito.mil.uy\/rc1\/wp-content\/uploads\/sites\/8\/2026\/04\/fgr_01-2048x1363.jpg 2048w, https:\/\/uuee.ejercito.mil.uy\/rc1\/wp-content\/uploads\/sites\/8\/2026\/04\/fgr_01-930x620.jpg 930w\" sizes=\"auto, (max-width: 2407px) 100vw, 2407px\" \/><\/figure>\n<\/div>\n\n\n\n<div class=\"wp-block-column is-layout-flow wp-block-column-is-layout-flow\" style=\"flex-basis:40%\">\n<div class=\"wp-block-group is-vertical is-layout-flex wp-container-core-group-is-layout-5fe8b0ae wp-block-group-is-layout-flex\" style=\"padding-top:var(--wp--preset--spacing--20);padding-right:var(--wp--preset--spacing--20);padding-bottom:var(--wp--preset--spacing--20);padding-left:var(--wp--preset--spacing--20)\">\n<figure class=\"wp-block-image size-full has-custom-border is-style-rounded\"><img loading=\"lazy\" decoding=\"async\" width=\"645\" height=\"471\" src=\"https:\/\/uuee.ejercito.mil.uy\/rc1\/wp-content\/uploads\/sites\/8\/2026\/04\/Regimiento.jpg\" alt=\"\" class=\"has-border-color wp-image-29\" style=\"border-color:var(--nv-primary-accent);border-width:1px;border-top-left-radius:32px;border-top-right-radius:32px;border-bottom-left-radius:32px;border-bottom-right-radius:32px\" srcset=\"https:\/\/uuee.ejercito.mil.uy\/rc1\/wp-content\/uploads\/sites\/8\/2026\/04\/Regimiento.jpg 645w, https:\/\/uuee.ejercito.mil.uy\/rc1\/wp-content\/uploads\/sites\/8\/2026\/04\/Regimiento-300x219.jpg 300w\" sizes=\"auto, (max-width: 645px) 100vw, 645px\" \/><\/figure>\n<\/div>\n\n\n\n<div style=\"height:132px\" aria-hidden=\"true\" class=\"wp-block-spacer\"><\/div>\n\n\n\n<div class=\"wp-block-group is-vertical is-layout-flex wp-container-core-group-is-layout-5fe8b0ae wp-block-group-is-layout-flex\" style=\"padding-top:var(--wp--preset--spacing--20);padding-right:var(--wp--preset--spacing--20);padding-bottom:var(--wp--preset--spacing--20);padding-left:var(--wp--preset--spacing--20)\">\n<figure class=\"wp-block-image size-full has-custom-border is-style-rounded\"><img loading=\"lazy\" decoding=\"async\" width=\"522\" height=\"588\" src=\"https:\/\/uuee.ejercito.mil.uy\/rc1\/wp-content\/uploads\/sites\/8\/2026\/04\/Frente.jpg\" alt=\"\" class=\"has-border-color has-neve-link-color-border-color wp-image-45\" style=\"border-width:1px;border-top-left-radius:22px;border-top-right-radius:22px;border-bottom-left-radius:22px;border-bottom-right-radius:22px;aspect-ratio:4\/3;object-fit:cover\" srcset=\"https:\/\/uuee.ejercito.mil.uy\/rc1\/wp-content\/uploads\/sites\/8\/2026\/04\/Frente.jpg 522w, https:\/\/uuee.ejercito.mil.uy\/rc1\/wp-content\/uploads\/sites\/8\/2026\/04\/Frente-266x300.jpg 266w\" sizes=\"auto, (max-width: 522px) 100vw, 522px\" \/><\/figure>\n<\/div>\n\n\n\n<div style=\"height:115px\" aria-hidden=\"true\" class=\"wp-block-spacer\"><\/div>\n\n\n\n<div class=\"wp-block-group is-vertical is-layout-flex wp-container-core-group-is-layout-5fe8b0ae wp-block-group-is-layout-flex\" style=\"padding-top:var(--wp--preset--spacing--20);padding-right:var(--wp--preset--spacing--20);padding-bottom:var(--wp--preset--spacing--20);padding-left:var(--wp--preset--spacing--20)\">\n<figure class=\"wp-block-image size-full has-custom-border is-style-rounded\"><img loading=\"lazy\" decoding=\"async\" width=\"1140\" height=\"692\" src=\"https:\/\/uuee.ejercito.mil.uy\/rc1\/wp-content\/uploads\/sites\/8\/2026\/04\/1-fotocuartelblandengues.jpg\" alt=\"\" class=\"has-border-color has-neve-link-color-border-color wp-image-116\" style=\"border-width:1px;border-top-left-radius:22px;border-top-right-radius:22px;border-bottom-left-radius:22px;border-bottom-right-radius:22px;aspect-ratio:4\/3;object-fit:cover\" srcset=\"https:\/\/uuee.ejercito.mil.uy\/rc1\/wp-content\/uploads\/sites\/8\/2026\/04\/1-fotocuartelblandengues.jpg 1140w, https:\/\/uuee.ejercito.mil.uy\/rc1\/wp-content\/uploads\/sites\/8\/2026\/04\/1-fotocuartelblandengues-300x182.jpg 300w, https:\/\/uuee.ejercito.mil.uy\/rc1\/wp-content\/uploads\/sites\/8\/2026\/04\/1-fotocuartelblandengues-1024x622.jpg 1024w, https:\/\/uuee.ejercito.mil.uy\/rc1\/wp-content\/uploads\/sites\/8\/2026\/04\/1-fotocuartelblandengues-768x466.jpg 768w\" sizes=\"auto, (max-width: 1140px) 100vw, 1140px\" \/><\/figure>\n<\/div>\n<\/div>\n<\/div>\n\n\n\n<div style=\"height:132px\" aria-hidden=\"true\" class=\"wp-block-spacer\"><\/div>\n\n\n\n<h2 class=\"wp-block-heading has-neve-link-hover-color-color has-text-color has-link-color wp-elements-68651e6b60b8dc833d63a3114dc9b15b\">Parte de nuestra rica historia&#8230;<\/h2>\n\n\n\n<p class=\"has-text-align-center has-neve-link-hover-color-color has-text-color has-link-color has-large-font-size wp-elements-870a8b48a23083056ba6234193fc8afe\">Caballos Moros<\/p>\n\n\n\n<div class=\"wp-block-columns is-layout-flex wp-container-core-columns-is-layout-9d6595d7 wp-block-columns-is-layout-flex\">\n<div class=\"wp-block-column is-layout-flow wp-block-column-is-layout-flow\" style=\"padding-top:var(--wp--preset--spacing--40);padding-right:var(--wp--preset--spacing--30);padding-bottom:var(--wp--preset--spacing--40);padding-left:var(--wp--preset--spacing--30)\">\n<figure class=\"wp-block-image size-large is-resized has-custom-border\"><img loading=\"lazy\" decoding=\"async\" width=\"712\" height=\"1024\" src=\"https:\/\/uuee.ejercito.mil.uy\/rc1\/wp-content\/uploads\/sites\/8\/2026\/04\/image-712x1024.png\" alt=\"\" class=\"wp-image-109\" style=\"border-top-left-radius:35px;border-top-right-radius:35px;border-bottom-left-radius:35px;border-bottom-right-radius:35px;aspect-ratio:3\/4;object-fit:contain;width:507px;height:auto\" srcset=\"https:\/\/uuee.ejercito.mil.uy\/rc1\/wp-content\/uploads\/sites\/8\/2026\/04\/image-712x1024.png 712w, https:\/\/uuee.ejercito.mil.uy\/rc1\/wp-content\/uploads\/sites\/8\/2026\/04\/image-209x300.png 209w, https:\/\/uuee.ejercito.mil.uy\/rc1\/wp-content\/uploads\/sites\/8\/2026\/04\/image-768x1104.png 768w, https:\/\/uuee.ejercito.mil.uy\/rc1\/wp-content\/uploads\/sites\/8\/2026\/04\/image.png 1066w\" sizes=\"auto, (max-width: 712px) 100vw, 712px\" \/><\/figure>\n\n\n\n<p><\/p>\n\n\n\n<figure class=\"wp-block-image size-large is-resized has-custom-border\"><img loading=\"lazy\" decoding=\"async\" width=\"696\" height=\"1024\" src=\"https:\/\/uuee.ejercito.mil.uy\/rc1\/wp-content\/uploads\/sites\/8\/2026\/04\/image-1-696x1024.png\" alt=\"\" class=\"wp-image-110\" style=\"border-top-left-radius:35px;border-top-right-radius:35px;border-bottom-left-radius:35px;border-bottom-right-radius:35px;aspect-ratio:3\/4;object-fit:cover;width:507px\" srcset=\"https:\/\/uuee.ejercito.mil.uy\/rc1\/wp-content\/uploads\/sites\/8\/2026\/04\/image-1-696x1024.png 696w, https:\/\/uuee.ejercito.mil.uy\/rc1\/wp-content\/uploads\/sites\/8\/2026\/04\/image-1-204x300.png 204w, https:\/\/uuee.ejercito.mil.uy\/rc1\/wp-content\/uploads\/sites\/8\/2026\/04\/image-1-768x1131.png 768w, https:\/\/uuee.ejercito.mil.uy\/rc1\/wp-content\/uploads\/sites\/8\/2026\/04\/image-1-1043x1536.png 1043w, https:\/\/uuee.ejercito.mil.uy\/rc1\/wp-content\/uploads\/sites\/8\/2026\/04\/image-1.png 1279w\" sizes=\"auto, (max-width: 696px) 100vw, 696px\" \/><\/figure>\n<\/div>\n\n\n\n<div class=\"wp-block-column is-layout-flow wp-block-column-is-layout-flow\" style=\"padding-top:var(--wp--preset--spacing--30);padding-right:var(--wp--preset--spacing--30);padding-bottom:var(--wp--preset--spacing--30);padding-left:var(--wp--preset--spacing--30)\">\n<figure class=\"wp-block-image size-large has-custom-border\"><img loading=\"lazy\" decoding=\"async\" width=\"1024\" height=\"768\" src=\"https:\/\/uuee.ejercito.mil.uy\/rc1\/wp-content\/uploads\/sites\/8\/2026\/04\/IMG_4307-1024x768.jpg\" alt=\"\" class=\"has-border-color has-neve-link-color-border-color wp-image-112\" style=\"border-width:3px;border-top-left-radius:34px;border-top-right-radius:34px;border-bottom-left-radius:34px;border-bottom-right-radius:34px\" srcset=\"https:\/\/uuee.ejercito.mil.uy\/rc1\/wp-content\/uploads\/sites\/8\/2026\/04\/IMG_4307-1024x768.jpg 1024w, https:\/\/uuee.ejercito.mil.uy\/rc1\/wp-content\/uploads\/sites\/8\/2026\/04\/IMG_4307-300x225.jpg 300w, https:\/\/uuee.ejercito.mil.uy\/rc1\/wp-content\/uploads\/sites\/8\/2026\/04\/IMG_4307-768x576.jpg 768w, https:\/\/uuee.ejercito.mil.uy\/rc1\/wp-content\/uploads\/sites\/8\/2026\/04\/IMG_4307-1536x1152.jpg 1536w, https:\/\/uuee.ejercito.mil.uy\/rc1\/wp-content\/uploads\/sites\/8\/2026\/04\/IMG_4307-2048x1536.jpg 2048w\" sizes=\"auto, (max-width: 1024px) 100vw, 1024px\" \/><\/figure>\n\n\n\n<p><\/p>\n\n\n\n<figure class=\"wp-block-image size-large has-custom-border\"><img loading=\"lazy\" decoding=\"async\" width=\"1024\" height=\"768\" src=\"https:\/\/uuee.ejercito.mil.uy\/rc1\/wp-content\/uploads\/sites\/8\/2026\/04\/ESKZ1307-1024x768.jpg\" alt=\"\" class=\"has-border-color has-neve-link-color-border-color wp-image-113\" style=\"border-width:3px;border-top-left-radius:34px;border-top-right-radius:34px;border-bottom-left-radius:34px;border-bottom-right-radius:34px\" srcset=\"https:\/\/uuee.ejercito.mil.uy\/rc1\/wp-content\/uploads\/sites\/8\/2026\/04\/ESKZ1307-1024x768.jpg 1024w, https:\/\/uuee.ejercito.mil.uy\/rc1\/wp-content\/uploads\/sites\/8\/2026\/04\/ESKZ1307-300x225.jpg 300w, https:\/\/uuee.ejercito.mil.uy\/rc1\/wp-content\/uploads\/sites\/8\/2026\/04\/ESKZ1307-768x576.jpg 768w, https:\/\/uuee.ejercito.mil.uy\/rc1\/wp-content\/uploads\/sites\/8\/2026\/04\/ESKZ1307-1536x1152.jpg 1536w, https:\/\/uuee.ejercito.mil.uy\/rc1\/wp-content\/uploads\/sites\/8\/2026\/04\/ESKZ1307.jpg 2048w\" sizes=\"auto, (max-width: 1024px) 100vw, 1024px\" \/><\/figure>\n\n\n\n<p><\/p>\n\n\n\n<figure class=\"wp-block-image size-large has-custom-border\"><img loading=\"lazy\" decoding=\"async\" width=\"1024\" height=\"947\" src=\"https:\/\/uuee.ejercito.mil.uy\/rc1\/wp-content\/uploads\/sites\/8\/2026\/04\/EXLT5157-1024x947.jpg\" alt=\"\" class=\"has-border-color has-neve-link-color-border-color wp-image-114\" style=\"border-width:3px;border-top-left-radius:34px;border-top-right-radius:34px;border-bottom-left-radius:34px;border-bottom-right-radius:34px\" srcset=\"https:\/\/uuee.ejercito.mil.uy\/rc1\/wp-content\/uploads\/sites\/8\/2026\/04\/EXLT5157-1024x947.jpg 1024w, https:\/\/uuee.ejercito.mil.uy\/rc1\/wp-content\/uploads\/sites\/8\/2026\/04\/EXLT5157-300x278.jpg 300w, https:\/\/uuee.ejercito.mil.uy\/rc1\/wp-content\/uploads\/sites\/8\/2026\/04\/EXLT5157-768x710.jpg 768w, https:\/\/uuee.ejercito.mil.uy\/rc1\/wp-content\/uploads\/sites\/8\/2026\/04\/EXLT5157-1536x1421.jpg 1536w, https:\/\/uuee.ejercito.mil.uy\/rc1\/wp-content\/uploads\/sites\/8\/2026\/04\/EXLT5157.jpg 1600w\" sizes=\"auto, (max-width: 1024px) 100vw, 1024px\" \/><\/figure>\n<\/div>\n<\/div>\n\n\n\n<p class=\"has-text-align-center has-neve-link-hover-color-color has-text-color has-link-color has-large-font-size wp-elements-9b3ed3311753082fc1e90d85a5d7ff13\">Perros Cimarrones<\/p>\n\n\n\n<div class=\"wp-block-columns is-layout-flex wp-container-core-columns-is-layout-9d6595d7 wp-block-columns-is-layout-flex\">\n<div class=\"wp-block-column is-layout-flow wp-block-column-is-layout-flow\" style=\"padding-top:var(--wp--preset--spacing--40);padding-right:var(--wp--preset--spacing--30);padding-bottom:var(--wp--preset--spacing--40);padding-left:var(--wp--preset--spacing--30)\">\n<figure class=\"wp-block-image size-large\"><img loading=\"lazy\" decoding=\"async\" width=\"725\" height=\"1024\" src=\"https:\/\/uuee.ejercito.mil.uy\/rc1\/wp-content\/uploads\/sites\/8\/2026\/04\/image-2-725x1024.png\" alt=\"\" class=\"wp-image-142\" srcset=\"https:\/\/uuee.ejercito.mil.uy\/rc1\/wp-content\/uploads\/sites\/8\/2026\/04\/image-2-725x1024.png 725w, https:\/\/uuee.ejercito.mil.uy\/rc1\/wp-content\/uploads\/sites\/8\/2026\/04\/image-2-212x300.png 212w, https:\/\/uuee.ejercito.mil.uy\/rc1\/wp-content\/uploads\/sites\/8\/2026\/04\/image-2-768x1085.png 768w, https:\/\/uuee.ejercito.mil.uy\/rc1\/wp-content\/uploads\/sites\/8\/2026\/04\/image-2-1087x1536.png 1087w, https:\/\/uuee.ejercito.mil.uy\/rc1\/wp-content\/uploads\/sites\/8\/2026\/04\/image-2-1449x2048.png 1449w, https:\/\/uuee.ejercito.mil.uy\/rc1\/wp-content\/uploads\/sites\/8\/2026\/04\/image-2.png 1654w\" sizes=\"auto, (max-width: 725px) 100vw, 725px\" \/><\/figure>\n\n\n\n<p><\/p>\n\n\n\n<figure class=\"wp-block-image size-large\"><img loading=\"lazy\" decoding=\"async\" width=\"719\" height=\"1024\" src=\"https:\/\/uuee.ejercito.mil.uy\/rc1\/wp-content\/uploads\/sites\/8\/2026\/04\/image-3-719x1024.png\" alt=\"\" class=\"wp-image-143\" srcset=\"https:\/\/uuee.ejercito.mil.uy\/rc1\/wp-content\/uploads\/sites\/8\/2026\/04\/image-3-719x1024.png 719w, https:\/\/uuee.ejercito.mil.uy\/rc1\/wp-content\/uploads\/sites\/8\/2026\/04\/image-3-211x300.png 211w, https:\/\/uuee.ejercito.mil.uy\/rc1\/wp-content\/uploads\/sites\/8\/2026\/04\/image-3-768x1094.png 768w, https:\/\/uuee.ejercito.mil.uy\/rc1\/wp-content\/uploads\/sites\/8\/2026\/04\/image-3-1078x1536.png 1078w, https:\/\/uuee.ejercito.mil.uy\/rc1\/wp-content\/uploads\/sites\/8\/2026\/04\/image-3-1438x2048.png 1438w, https:\/\/uuee.ejercito.mil.uy\/rc1\/wp-content\/uploads\/sites\/8\/2026\/04\/image-3.png 1460w\" sizes=\"auto, (max-width: 719px) 100vw, 719px\" \/><\/figure>\n<\/div>\n\n\n\n<div class=\"wp-block-column is-layout-flow wp-block-column-is-layout-flow\" style=\"padding-top:var(--wp--preset--spacing--30);padding-right:var(--wp--preset--spacing--30);padding-bottom:var(--wp--preset--spacing--30);padding-left:var(--wp--preset--spacing--30)\">\n<figure class=\"wp-block-image size-large has-custom-border\"><img loading=\"lazy\" decoding=\"async\" width=\"1024\" height=\"768\" src=\"https:\/\/uuee.ejercito.mil.uy\/rc1\/wp-content\/uploads\/sites\/8\/2026\/04\/IMG_4307-1024x768.jpg\" alt=\"\" class=\"has-border-color has-neve-link-color-border-color wp-image-112\" style=\"border-width:3px;border-top-left-radius:34px;border-top-right-radius:34px;border-bottom-left-radius:34px;border-bottom-right-radius:34px\" srcset=\"https:\/\/uuee.ejercito.mil.uy\/rc1\/wp-content\/uploads\/sites\/8\/2026\/04\/IMG_4307-1024x768.jpg 1024w, https:\/\/uuee.ejercito.mil.uy\/rc1\/wp-content\/uploads\/sites\/8\/2026\/04\/IMG_4307-300x225.jpg 300w, https:\/\/uuee.ejercito.mil.uy\/rc1\/wp-content\/uploads\/sites\/8\/2026\/04\/IMG_4307-768x576.jpg 768w, https:\/\/uuee.ejercito.mil.uy\/rc1\/wp-content\/uploads\/sites\/8\/2026\/04\/IMG_4307-1536x1152.jpg 1536w, https:\/\/uuee.ejercito.mil.uy\/rc1\/wp-content\/uploads\/sites\/8\/2026\/04\/IMG_4307-2048x1536.jpg 2048w\" sizes=\"auto, (max-width: 1024px) 100vw, 1024px\" \/><\/figure>\n\n\n\n<p><\/p>\n\n\n\n<figure class=\"wp-block-image size-large has-custom-border\"><img loading=\"lazy\" decoding=\"async\" width=\"1024\" height=\"768\" src=\"https:\/\/uuee.ejercito.mil.uy\/rc1\/wp-content\/uploads\/sites\/8\/2026\/04\/LXVK9293-1024x768.jpg\" alt=\"\" class=\"has-border-color has-neve-link-color-border-color wp-image-144\" style=\"border-width:3px;border-top-left-radius:34px;border-top-right-radius:34px;border-bottom-left-radius:34px;border-bottom-right-radius:34px\" srcset=\"https:\/\/uuee.ejercito.mil.uy\/rc1\/wp-content\/uploads\/sites\/8\/2026\/04\/LXVK9293-1024x768.jpg 1024w, https:\/\/uuee.ejercito.mil.uy\/rc1\/wp-content\/uploads\/sites\/8\/2026\/04\/LXVK9293-300x225.jpg 300w, https:\/\/uuee.ejercito.mil.uy\/rc1\/wp-content\/uploads\/sites\/8\/2026\/04\/LXVK9293-768x576.jpg 768w, https:\/\/uuee.ejercito.mil.uy\/rc1\/wp-content\/uploads\/sites\/8\/2026\/04\/LXVK9293-1536x1152.jpg 1536w, https:\/\/uuee.ejercito.mil.uy\/rc1\/wp-content\/uploads\/sites\/8\/2026\/04\/LXVK9293.jpg 1600w\" sizes=\"auto, (max-width: 1024px) 100vw, 1024px\" \/><\/figure>\n\n\n\n<p><\/p>\n\n\n\n<figure class=\"wp-block-image size-large has-custom-border\"><img loading=\"lazy\" decoding=\"async\" width=\"1024\" height=\"683\" src=\"https:\/\/uuee.ejercito.mil.uy\/rc1\/wp-content\/uploads\/sites\/8\/2026\/04\/Libro-RC1-Cimarron-7-copia-1024x683.jpg\" alt=\"\" class=\"has-border-color has-neve-link-color-border-color wp-image-146\" style=\"border-width:3px;border-top-left-radius:34px;border-top-right-radius:34px;border-bottom-left-radius:34px;border-bottom-right-radius:34px\" srcset=\"https:\/\/uuee.ejercito.mil.uy\/rc1\/wp-content\/uploads\/sites\/8\/2026\/04\/Libro-RC1-Cimarron-7-copia-1024x683.jpg 1024w, https:\/\/uuee.ejercito.mil.uy\/rc1\/wp-content\/uploads\/sites\/8\/2026\/04\/Libro-RC1-Cimarron-7-copia-300x200.jpg 300w, https:\/\/uuee.ejercito.mil.uy\/rc1\/wp-content\/uploads\/sites\/8\/2026\/04\/Libro-RC1-Cimarron-7-copia-768x512.jpg 768w, https:\/\/uuee.ejercito.mil.uy\/rc1\/wp-content\/uploads\/sites\/8\/2026\/04\/Libro-RC1-Cimarron-7-copia-1536x1024.jpg 1536w, https:\/\/uuee.ejercito.mil.uy\/rc1\/wp-content\/uploads\/sites\/8\/2026\/04\/Libro-RC1-Cimarron-7-copia-2048x1365.jpg 2048w, https:\/\/uuee.ejercito.mil.uy\/rc1\/wp-content\/uploads\/sites\/8\/2026\/04\/Libro-RC1-Cimarron-7-copia-930x620.jpg 930w\" sizes=\"auto, (max-width: 1024px) 100vw, 1024px\" \/><\/figure>\n\n\n\n<p><\/p>\n<\/div>\n<\/div>\n\n\n\n<p><\/p>\n","protected":false},"excerpt":{"rendered":"<p>Origen, continuidad hist\u00f3rica y tradici\u00f3n blandengue El Regimiento Blandengues de Artigas fue creado el 7 de diciembre de 1796 con el nombre de \u201cCuerpo de Blandengues de la Frontera de Montevideo\u201d por Decreto del Virrey Pedro Melo de Portugal y Villena, siendo su primera sede el Cuartel de Dragones en la ciudad de Maldonado para&hellip;&nbsp;<a href=\"https:\/\/uuee.ejercito.mil.uy\/rc1\/historia\/\" rel=\"bookmark\"><span class=\"screen-reader-text\">HISTORIA<\/span><\/a><\/p>\n","protected":false},"author":1,"featured_media":0,"parent":0,"menu_order":0,"comment_status":"closed","ping_status":"closed","template":"","meta":{"neve_meta_sidebar":"","neve_meta_container":"","neve_meta_enable_content_width":"","neve_meta_content_width":0,"neve_meta_title_alignment":"left","neve_meta_author_avatar":"","neve_post_elements_order":"","neve_meta_disable_header":"","neve_meta_disable_footer":"off","neve_meta_disable_title":"on","footnotes":""},"class_list":["post-23","page","type-page","status-publish","hentry"],"_links":{"self":[{"href":"https:\/\/uuee.ejercito.mil.uy\/rc1\/wp-json\/wp\/v2\/pages\/23","targetHints":{"allow":["GET"]}}],"collection":[{"href":"https:\/\/uuee.ejercito.mil.uy\/rc1\/wp-json\/wp\/v2\/pages"}],"about":[{"href":"https:\/\/uuee.ejercito.mil.uy\/rc1\/wp-json\/wp\/v2\/types\/page"}],"author":[{"embeddable":true,"href":"https:\/\/uuee.ejercito.mil.uy\/rc1\/wp-json\/wp\/v2\/users\/1"}],"replies":[{"embeddable":true,"href":"https:\/\/uuee.ejercito.mil.uy\/rc1\/wp-json\/wp\/v2\/comments?post=23"}],"version-history":[{"count":36,"href":"https:\/\/uuee.ejercito.mil.uy\/rc1\/wp-json\/wp\/v2\/pages\/23\/revisions"}],"predecessor-version":[{"id":148,"href":"https:\/\/uuee.ejercito.mil.uy\/rc1\/wp-json\/wp\/v2\/pages\/23\/revisions\/148"}],"wp:attachment":[{"href":"https:\/\/uuee.ejercito.mil.uy\/rc1\/wp-json\/wp\/v2\/media?parent=23"}],"curies":[{"name":"wp","href":"https:\/\/api.w.org\/{rel}","templated":true}]}}