{"id":150,"date":"2026-04-24T13:24:02","date_gmt":"2026-04-24T16:24:02","guid":{"rendered":"https:\/\/uuee.ejercito.mil.uy\/rc1\/?page_id=150"},"modified":"2026-04-24T13:36:58","modified_gmt":"2026-04-24T16:36:58","slug":"museo","status":"publish","type":"page","link":"https:\/\/uuee.ejercito.mil.uy\/rc1\/museo\/","title":{"rendered":"MUSEO"},"content":{"rendered":"\n<p class=\"has-neve-link-color-color has-text-color has-link-color wp-elements-789907e4d251a32ee1751a96f0600f39\">Museo Blandengues de Artigas<\/p>\n\n\n\n<h2 class=\"wp-block-heading\">Patrimonio, visitas guiadas y memoria artiguista<\/h2>\n\n\n\n<div class=\"wp-block-columns is-layout-flex wp-container-core-columns-is-layout-9d6595d7 wp-block-columns-is-layout-flex\">\n<div class=\"wp-block-column has-border-color has-nv-light-bg-background-color has-background is-layout-flow wp-block-column-is-layout-flow\" style=\"border-color:var(--nv-primary-accent);border-top-left-radius:13px;border-top-right-radius:13px;border-bottom-left-radius:13px;border-bottom-right-radius:13px;padding-top:var(--wp--preset--spacing--30);padding-right:var(--wp--preset--spacing--30);padding-bottom:var(--wp--preset--spacing--30);padding-left:var(--wp--preset--spacing--30)\">\n<div class=\"wp-block-group is-vertical is-content-justification-center is-layout-flex wp-container-core-group-is-layout-4b2eccd6 wp-block-group-is-layout-flex\">\n<p class=\"has-neve-link-color-color has-text-color has-link-color has-medium-font-size wp-elements-cc6730fbebd6828549f86c96753bd8e0\">Museo<\/p>\n\n\n\n<p class=\"has-medium-font-size\">Acervo hist\u00f3rico<\/p>\n\n\n\n<p>Inaugurado el 22 de setiembre del a\u00f1o 2000, el Museo Blandengues de Artigas comprende la recopilaci\u00f3n de objetos, pinturas y documentos gr\u00e1ficos que testimonian la historia de la Unidad y el origen de nuestra Patria.<\/p>\n\n\n\n<p>Los puntos destacados incluyen centro de visitantes, Sala 1811, Sala del \u00c9xodo, Sala 1815, despacho simb\u00f3lico del Jefe Inmortal, Sal\u00f3n de Honor, sala de uniformes y pulper\u00eda.<\/p>\n\n\n\n<p>El recorrido del predio incorpora portales de escuadrones, canil de perros cimarrones y caballerizas con los caballos moros, integrando tradici\u00f3n, patrimonio y experiencia de visita.<\/p>\n<\/div>\n<\/div>\n\n\n\n<div class=\"wp-block-column has-border-color has-nv-light-bg-background-color has-background is-layout-flow wp-block-column-is-layout-flow\" style=\"border-color:var(--nv-primary-accent);border-top-left-radius:13px;border-top-right-radius:13px;border-bottom-left-radius:13px;border-bottom-right-radius:13px;padding-top:var(--wp--preset--spacing--30);padding-right:var(--wp--preset--spacing--30);padding-bottom:var(--wp--preset--spacing--30);padding-left:var(--wp--preset--spacing--30)\">\n<div class=\"wp-block-group is-vertical is-content-justification-center is-layout-flex wp-container-core-group-is-layout-4b2eccd6 wp-block-group-is-layout-flex\">\n<p class=\"has-neve-link-color-color has-text-color has-link-color has-medium-font-size wp-elements-3cbfad0912c99cdef0d935d0729b4ee7\">Recorrido<\/p>\n\n\n\n<p class=\"has-medium-font-size\">Predio y tradici\u00f3n<\/p>\n\n\n\n<p>El visitante puede realizar un paseo por el predio del Regimiento, conocer portales de escuadrones, observar el canil de perros cimarrones y recorrer las caballerizas con los caballos moros vinculados a la tradici\u00f3n artiguista.<\/p>\n\n\n\n<p>La visita integra historia, s\u00edmbolos y contacto directo con elementos representativos del legado blandengue.<\/p>\n<\/div>\n<\/div>\n\n\n\n<div class=\"wp-block-column has-border-color has-nv-light-bg-background-color has-background is-layout-flow wp-block-column-is-layout-flow\" style=\"border-color:var(--nv-primary-accent);border-top-left-radius:13px;border-top-right-radius:13px;border-bottom-left-radius:13px;border-bottom-right-radius:13px;padding-top:var(--wp--preset--spacing--30);padding-right:var(--wp--preset--spacing--30);padding-bottom:var(--wp--preset--spacing--30);padding-left:var(--wp--preset--spacing--30)\">\n<div class=\"wp-block-group is-vertical is-content-justification-center is-layout-flex wp-container-core-group-is-layout-4b2eccd6 wp-block-group-is-layout-flex\">\n<p class=\"has-neve-link-color-color has-text-color has-link-color has-medium-font-size wp-elements-57aeadadf098ba1f41ce2f0d75db1688\">Misi\u00f3n<\/p>\n\n\n\n<p class=\"has-medium-font-size\">Funci\u00f3n institucional<\/p>\n\n\n\n<p>Nuestra Misi\u00f3n como Soldados integrantes del Ej\u00e9rcito Nacional es la Salvaguarda de la soberan\u00eda del territorio y de sus habitantes, as\u00ed como tambi\u00e9n de los intereses Nacionales tal como lo establece la Constituci\u00f3n.<\/p>\n\n\n\n<p>En particular como Blandengues, corresponde ser el Regimiento Escolta Presidencial, realizar actividades protocolares vinculadas a Presidencia de la Rep\u00fablica, brindar seguridad perimetral en la Residencia de Su\u00e1rez y custodiar los restos del Pr\u00f3cer en el Mausoleo de la Plaza Independencia.<\/p>\n\n\n\n<p>Estas misiones requieren capacitaci\u00f3n permanente, conocimientos reglamentarios, entrenamiento f\u00edsico y destrezas para el manejo de materiales, herramientas, equipos, veh\u00edculos y armamento.<\/p>\n<\/div>\n<\/div>\n<\/div>\n\n\n\n<div class=\"wp-block-columns is-layout-flex wp-container-core-columns-is-layout-9d6595d7 wp-block-columns-is-layout-flex\">\n<div class=\"wp-block-column is-layout-flow wp-block-column-is-layout-flow\">\n<figure class=\"wp-block-image size-large has-custom-border\"><img loading=\"lazy\" decoding=\"async\" width=\"1024\" height=\"683\" src=\"https:\/\/uuee.ejercito.mil.uy\/rc1\/wp-content\/uploads\/sites\/8\/2026\/04\/Libro-RC1-Cuartel-376-1024x683.jpg\" alt=\"\" class=\"has-border-color has-neve-link-color-border-color wp-image-154\" style=\"border-width:3px;border-top-left-radius:30px;border-top-right-radius:30px;border-bottom-left-radius:30px;border-bottom-right-radius:30px\" srcset=\"https:\/\/uuee.ejercito.mil.uy\/rc1\/wp-content\/uploads\/sites\/8\/2026\/04\/Libro-RC1-Cuartel-376-1024x683.jpg 1024w, https:\/\/uuee.ejercito.mil.uy\/rc1\/wp-content\/uploads\/sites\/8\/2026\/04\/Libro-RC1-Cuartel-376-300x200.jpg 300w, https:\/\/uuee.ejercito.mil.uy\/rc1\/wp-content\/uploads\/sites\/8\/2026\/04\/Libro-RC1-Cuartel-376-768x512.jpg 768w, https:\/\/uuee.ejercito.mil.uy\/rc1\/wp-content\/uploads\/sites\/8\/2026\/04\/Libro-RC1-Cuartel-376-1536x1024.jpg 1536w, https:\/\/uuee.ejercito.mil.uy\/rc1\/wp-content\/uploads\/sites\/8\/2026\/04\/Libro-RC1-Cuartel-376-2048x1365.jpg 2048w, https:\/\/uuee.ejercito.mil.uy\/rc1\/wp-content\/uploads\/sites\/8\/2026\/04\/Libro-RC1-Cuartel-376-930x620.jpg 930w\" sizes=\"auto, (max-width: 1024px) 100vw, 1024px\" \/><\/figure>\n\n\n\n<div style=\"height:100px\" aria-hidden=\"true\" class=\"wp-block-spacer\"><\/div>\n\n\n\n<figure class=\"wp-block-image size-large has-custom-border\"><img loading=\"lazy\" decoding=\"async\" width=\"1024\" height=\"683\" src=\"https:\/\/uuee.ejercito.mil.uy\/rc1\/wp-content\/uploads\/sites\/8\/2026\/04\/Libro-RC1-Escuela-19-1024x683.jpg\" alt=\"\" class=\"has-border-color has-neve-link-color-border-color wp-image-155\" style=\"border-width:3px;border-top-left-radius:30px;border-top-right-radius:30px;border-bottom-left-radius:30px;border-bottom-right-radius:30px\" srcset=\"https:\/\/uuee.ejercito.mil.uy\/rc1\/wp-content\/uploads\/sites\/8\/2026\/04\/Libro-RC1-Escuela-19-1024x683.jpg 1024w, https:\/\/uuee.ejercito.mil.uy\/rc1\/wp-content\/uploads\/sites\/8\/2026\/04\/Libro-RC1-Escuela-19-300x200.jpg 300w, https:\/\/uuee.ejercito.mil.uy\/rc1\/wp-content\/uploads\/sites\/8\/2026\/04\/Libro-RC1-Escuela-19-768x512.jpg 768w, https:\/\/uuee.ejercito.mil.uy\/rc1\/wp-content\/uploads\/sites\/8\/2026\/04\/Libro-RC1-Escuela-19-1536x1024.jpg 1536w, https:\/\/uuee.ejercito.mil.uy\/rc1\/wp-content\/uploads\/sites\/8\/2026\/04\/Libro-RC1-Escuela-19-2048x1365.jpg 2048w, https:\/\/uuee.ejercito.mil.uy\/rc1\/wp-content\/uploads\/sites\/8\/2026\/04\/Libro-RC1-Escuela-19-930x620.jpg 930w\" sizes=\"auto, (max-width: 1024px) 100vw, 1024px\" \/><\/figure>\n<\/div>\n\n\n\n<div class=\"wp-block-column is-layout-flow wp-block-column-is-layout-flow\">\n<figure class=\"wp-block-image size-large has-custom-border\"><img loading=\"lazy\" decoding=\"async\" width=\"1024\" height=\"683\" src=\"https:\/\/uuee.ejercito.mil.uy\/rc1\/wp-content\/uploads\/sites\/8\/2026\/04\/Libro-RC1-Cuartel-370-1024x683.jpg\" alt=\"\" class=\"has-border-color has-neve-link-color-border-color wp-image-153\" style=\"border-width:3px;border-top-left-radius:30px;border-top-right-radius:30px;border-bottom-left-radius:30px;border-bottom-right-radius:30px\" srcset=\"https:\/\/uuee.ejercito.mil.uy\/rc1\/wp-content\/uploads\/sites\/8\/2026\/04\/Libro-RC1-Cuartel-370-1024x683.jpg 1024w, https:\/\/uuee.ejercito.mil.uy\/rc1\/wp-content\/uploads\/sites\/8\/2026\/04\/Libro-RC1-Cuartel-370-300x200.jpg 300w, https:\/\/uuee.ejercito.mil.uy\/rc1\/wp-content\/uploads\/sites\/8\/2026\/04\/Libro-RC1-Cuartel-370-768x512.jpg 768w, https:\/\/uuee.ejercito.mil.uy\/rc1\/wp-content\/uploads\/sites\/8\/2026\/04\/Libro-RC1-Cuartel-370-1536x1024.jpg 1536w, https:\/\/uuee.ejercito.mil.uy\/rc1\/wp-content\/uploads\/sites\/8\/2026\/04\/Libro-RC1-Cuartel-370-2048x1365.jpg 2048w, https:\/\/uuee.ejercito.mil.uy\/rc1\/wp-content\/uploads\/sites\/8\/2026\/04\/Libro-RC1-Cuartel-370-930x620.jpg 930w\" sizes=\"auto, (max-width: 1024px) 100vw, 1024px\" \/><\/figure>\n\n\n\n<div style=\"height:100px\" aria-hidden=\"true\" class=\"wp-block-spacer\"><\/div>\n\n\n\n<figure class=\"wp-block-image size-large has-custom-border\"><img loading=\"lazy\" decoding=\"async\" width=\"1024\" height=\"683\" src=\"https:\/\/uuee.ejercito.mil.uy\/rc1\/wp-content\/uploads\/sites\/8\/2026\/04\/Libro-RC1-Sala-Uniformes-7-1024x683.jpg\" alt=\"\" class=\"has-border-color has-neve-link-color-border-color wp-image-156\" style=\"border-width:3px;border-top-left-radius:30px;border-top-right-radius:30px;border-bottom-left-radius:30px;border-bottom-right-radius:30px\" srcset=\"https:\/\/uuee.ejercito.mil.uy\/rc1\/wp-content\/uploads\/sites\/8\/2026\/04\/Libro-RC1-Sala-Uniformes-7-1024x683.jpg 1024w, https:\/\/uuee.ejercito.mil.uy\/rc1\/wp-content\/uploads\/sites\/8\/2026\/04\/Libro-RC1-Sala-Uniformes-7-300x200.jpg 300w, https:\/\/uuee.ejercito.mil.uy\/rc1\/wp-content\/uploads\/sites\/8\/2026\/04\/Libro-RC1-Sala-Uniformes-7-768x512.jpg 768w, https:\/\/uuee.ejercito.mil.uy\/rc1\/wp-content\/uploads\/sites\/8\/2026\/04\/Libro-RC1-Sala-Uniformes-7-1536x1024.jpg 1536w, https:\/\/uuee.ejercito.mil.uy\/rc1\/wp-content\/uploads\/sites\/8\/2026\/04\/Libro-RC1-Sala-Uniformes-7-2048x1365.jpg 2048w, https:\/\/uuee.ejercito.mil.uy\/rc1\/wp-content\/uploads\/sites\/8\/2026\/04\/Libro-RC1-Sala-Uniformes-7-930x620.jpg 930w\" sizes=\"auto, (max-width: 1024px) 100vw, 1024px\" \/><\/figure>\n<\/div>\n<\/div>\n","protected":false},"excerpt":{"rendered":"<p>Museo Blandengues de Artigas Patrimonio, visitas guiadas y memoria artiguista Museo Acervo hist\u00f3rico Inaugurado el 22 de setiembre del a\u00f1o 2000, el Museo Blandengues de Artigas comprende la recopilaci\u00f3n de objetos, pinturas y documentos gr\u00e1ficos que testimonian la historia de la Unidad y el origen de nuestra Patria. Los puntos destacados incluyen centro de visitantes,&hellip;&nbsp;<a href=\"https:\/\/uuee.ejercito.mil.uy\/rc1\/museo\/\" rel=\"bookmark\"><span class=\"screen-reader-text\">MUSEO<\/span><\/a><\/p>\n","protected":false},"author":12,"featured_media":0,"parent":0,"menu_order":0,"comment_status":"closed","ping_status":"closed","template":"","meta":{"neve_meta_sidebar":"","neve_meta_container":"","neve_meta_enable_content_width":"","neve_meta_content_width":0,"neve_meta_title_alignment":"","neve_meta_author_avatar":"","neve_post_elements_order":"","neve_meta_disable_header":"","neve_meta_disable_footer":"","neve_meta_disable_title":"on","footnotes":""},"class_list":["post-150","page","type-page","status-publish","hentry"],"_links":{"self":[{"href":"https:\/\/uuee.ejercito.mil.uy\/rc1\/wp-json\/wp\/v2\/pages\/150","targetHints":{"allow":["GET"]}}],"collection":[{"href":"https:\/\/uuee.ejercito.mil.uy\/rc1\/wp-json\/wp\/v2\/pages"}],"about":[{"href":"https:\/\/uuee.ejercito.mil.uy\/rc1\/wp-json\/wp\/v2\/types\/page"}],"author":[{"embeddable":true,"href":"https:\/\/uuee.ejercito.mil.uy\/rc1\/wp-json\/wp\/v2\/users\/12"}],"replies":[{"embeddable":true,"href":"https:\/\/uuee.ejercito.mil.uy\/rc1\/wp-json\/wp\/v2\/comments?post=150"}],"version-history":[{"count":4,"href":"https:\/\/uuee.ejercito.mil.uy\/rc1\/wp-json\/wp\/v2\/pages\/150\/revisions"}],"predecessor-version":[{"id":158,"href":"https:\/\/uuee.ejercito.mil.uy\/rc1\/wp-json\/wp\/v2\/pages\/150\/revisions\/158"}],"wp:attachment":[{"href":"https:\/\/uuee.ejercito.mil.uy\/rc1\/wp-json\/wp\/v2\/media?parent=150"}],"curies":[{"name":"wp","href":"https:\/\/api.w.org\/{rel}","templated":true}]}}