{"id":13,"date":"2026-04-21T12:51:03","date_gmt":"2026-04-21T15:51:03","guid":{"rendered":"https:\/\/uuee.ejercito.mil.uy\/rc1\/?page_id=13"},"modified":"2026-04-27T15:04:22","modified_gmt":"2026-04-27T18:04:22","slug":"inicio","status":"publish","type":"page","link":"https:\/\/uuee.ejercito.mil.uy\/rc1\/","title":{"rendered":"Inicio"},"content":{"rendered":"\n<div class=\"wp-block-cover\" style=\"min-height:961px;aspect-ratio:unset;\"><img loading=\"lazy\" decoding=\"async\" width=\"1024\" height=\"683\" class=\"wp-block-cover__image-background wp-image-14 size-large\" alt=\"Unidad hist\u00f3rica del Ej\u00e9rcito Nacional, heredera del esp\u00edritu artiguista, custodio de tradiciones, valores y s\u00edmbolos permanentes de la Naci\u00f3n.\" src=\"http:\/\/uuee.ejercito.mil.uy\/rc1\/wp-content\/uploads\/sites\/8\/2026\/04\/inicio-1024x683.png\" data-object-fit=\"cover\" srcset=\"https:\/\/uuee.ejercito.mil.uy\/rc1\/wp-content\/uploads\/sites\/8\/2026\/04\/inicio-1024x683.png 1024w, https:\/\/uuee.ejercito.mil.uy\/rc1\/wp-content\/uploads\/sites\/8\/2026\/04\/inicio-300x200.png 300w, https:\/\/uuee.ejercito.mil.uy\/rc1\/wp-content\/uploads\/sites\/8\/2026\/04\/inicio-768x512.png 768w, https:\/\/uuee.ejercito.mil.uy\/rc1\/wp-content\/uploads\/sites\/8\/2026\/04\/inicio-930x620.png 930w, https:\/\/uuee.ejercito.mil.uy\/rc1\/wp-content\/uploads\/sites\/8\/2026\/04\/inicio.png 1536w\" sizes=\"auto, (max-width: 1024px) 100vw, 1024px\" \/><span aria-hidden=\"true\" class=\"wp-block-cover__background has-background-dim-60 has-background-dim\"><\/span><div class=\"wp-block-cover__inner-container is-layout-constrained wp-block-cover-is-layout-constrained\">\n<div style=\"height:200px\" aria-hidden=\"true\" class=\"wp-block-spacer\"><\/div>\n\n\n\n<p class=\"has-text-color has-link-color wp-elements-6e9be3a3350a7a68eeb98d751456f17a\" style=\"color:#d2b077;text-transform:uppercase\">Escolta del Se\u00f1or Presidente de la Rep\u00fablica<\/p>\n\n\n\n<h1 class=\"wp-block-heading has-text-align-center has-neve-text-color-color has-text-color has-link-color has-x-large-font-size wp-elements-d9dbe57fa74c0af03a59fe2b478f3e61\">Regimiento Blandengues de Artigas<\/h1>\n\n\n\n<p>Unidad hist\u00f3rica del Ej\u00e9rcito Nacional, heredera del esp\u00edritu artiguista, custodio de tradiciones, valores y s\u00edmbolos permanentes de la Naci\u00f3n.<\/p>\n\n\n\n<div class=\"wp-block-buttons is-content-justification-center is-layout-flex wp-container-core-buttons-is-layout-005dad42 wp-block-buttons-is-layout-flex\" style=\"padding-right:var(--wp--preset--spacing--40);padding-left:var(--wp--preset--spacing--40)\">\n<div class=\"wp-block-button has-custom-width wp-block-button__width-50\"><a class=\"wp-block-button__link has-background has-border-color wp-element-button\" href=\"https:\/\/uuee.ejercito.mil.uy\/rc1\/galeria\/\" style=\"border-color:#d2b07742;border-width:1px;border-top-left-radius:40px;border-top-right-radius:40px;border-bottom-left-radius:40px;border-bottom-right-radius:40px;background-color:#d2b07738;padding-right:0;padding-left:0\">Conocer m\u00e1s<\/a><\/div>\n\n\n\n<div class=\"wp-block-button has-custom-width wp-block-button__width-50\"><a class=\"wp-block-button__link has-background has-border-color wp-element-button\" href=\"https:\/\/uuee.ejercito.mil.uy\/rc1\/museo\/\" style=\"border-color:#d2b07742;border-width:1px;border-top-left-radius:40px;border-top-right-radius:40px;border-bottom-left-radius:40px;border-bottom-right-radius:40px;background-color:#d2b07738;padding-right:0;padding-left:0\">Museo<\/a><\/div>\n<\/div>\n<\/div><\/div>\n\n\n\n<hr class=\"wp-block-separator has-alpha-channel-opacity\"\/>\n\n\n\n<p class=\"has-neve-link-color-color has-text-color has-link-color wp-elements-20efb58a196a0695966ae5d38427ebac\">S\u00edntesis institucional<\/p>\n\n\n\n<h2 class=\"wp-block-heading\" style=\"font-size:30px\">Historia, museo, ceremonial y actividad p\u00fablica<\/h2>\n\n\n\n<p class=\"has-neve-link-hover-color-color has-text-color has-link-color wp-elements-1d5e62bc30cf986c3cf1f577267dad7e\">La p\u00e1gina re\u00fane la rese\u00f1a hist\u00f3rica del Regimiento, su misi\u00f3n institucional, el Museo Blandengues de Artigas y una selecci\u00f3n de im\u00e1genes y actividades desarrolladas con visitantes, escolares y ceremonias p\u00fablicas.<\/p>\n\n\n\n<div class=\"wp-block-columns has-small-font-size is-layout-flex wp-container-core-columns-is-layout-d735db0d wp-block-columns-is-layout-flex\" style=\"border-style:none;border-width:0px;border-top-left-radius:0px;border-top-right-radius:0px;border-bottom-left-radius:0px;border-bottom-right-radius:0px;padding-top:0;padding-right:0;padding-bottom:0;padding-left:0\">\n<div class=\"wp-block-column has-border-color has-background has-small-font-size is-layout-flow wp-block-column-is-layout-flow\" style=\"border-color:#d2b07742;border-width:1px;border-top-left-radius:20px;border-top-right-radius:20px;border-bottom-left-radius:20px;border-bottom-right-radius:20px;background-color:#ffffff0d;padding-top:var(--wp--preset--spacing--50);padding-right:var(--wp--preset--spacing--40);padding-bottom:var(--wp--preset--spacing--50);padding-left:var(--wp--preset--spacing--40)\">\n<div class=\"wp-block-group is-vertical is-content-justification-center is-layout-flex wp-container-core-group-is-layout-4b2eccd6 wp-block-group-is-layout-flex\">\n<p class=\"has-text-align-center has-neve-link-color-color has-text-color has-link-color has-large-font-size wp-elements-fb7ea1b5baf1837950ae67e3e6cc315c\"> <strong>1796<\/strong><\/p>\n\n\n\n<p class=\"has-text-align-center has-neve-link-hover-color-color has-text-color has-link-color wp-elements-380ab9e210fee67256c591f758900368\" style=\"font-size:14px\">Creaci\u00f3n del Cuerpo de Blandengues de la Frontera de Montevideo<\/p>\n<\/div>\n<\/div>\n\n\n\n<div class=\"wp-block-column has-border-color has-background has-small-font-size is-layout-flow wp-block-column-is-layout-flow\" style=\"border-color:#d2b07742;border-width:1px;border-top-left-radius:20px;border-top-right-radius:20px;border-bottom-left-radius:20px;border-bottom-right-radius:20px;background-color:#ffffff0d;padding-top:var(--wp--preset--spacing--50);padding-right:var(--wp--preset--spacing--40);padding-bottom:var(--wp--preset--spacing--50);padding-left:var(--wp--preset--spacing--40)\">\n<div class=\"wp-block-group is-vertical is-content-justification-center is-layout-flex wp-container-core-group-is-layout-4b2eccd6 wp-block-group-is-layout-flex\">\n<p class=\"has-text-align-center has-neve-link-color-color has-text-color has-link-color has-large-font-size wp-elements-7699dbab0584b0d9cf5784c998fb4ef8\"><strong><strong>1797<\/strong><\/strong><\/p>\n\n\n\n<p class=\"has-text-align-center has-neve-link-hover-color-color has-text-color has-link-color wp-elements-1caf7d56976bb67284c73cdc22c91325\" style=\"font-size:14px\">Ingreso del entonces Soldado Jos\u00e9 Gervasio Artigas<\/p>\n<\/div>\n<\/div>\n\n\n\n<div class=\"wp-block-column has-border-color has-background has-small-font-size is-layout-flow wp-block-column-is-layout-flow\" style=\"border-color:#d2b07742;border-width:1px;border-top-left-radius:20px;border-top-right-radius:20px;border-bottom-left-radius:20px;border-bottom-right-radius:20px;background-color:#ffffff0d;padding-top:var(--wp--preset--spacing--50);padding-right:var(--wp--preset--spacing--40);padding-bottom:var(--wp--preset--spacing--50);padding-left:var(--wp--preset--spacing--40)\">\n<div class=\"wp-block-group is-vertical is-content-justification-center is-layout-flex wp-container-core-group-is-layout-4b2eccd6 wp-block-group-is-layout-flex\">\n<p class=\"has-text-align-center has-neve-link-color-color has-text-color has-link-color has-large-font-size wp-elements-11be0654415619758a85f36ca29f860c\"><strong><strong>1858<\/strong><\/strong><\/p>\n\n\n\n<p class=\"has-text-align-center has-neve-link-hover-color-color has-text-color has-link-color wp-elements-fb7b04c487cabb482f2734a7fdac804d\" style=\"font-size:14px\">Misi\u00f3n de Escolta Presidencial<\/p>\n<\/div>\n<\/div>\n\n\n\n<div class=\"wp-block-column has-border-color has-background has-small-font-size is-layout-flow wp-block-column-is-layout-flow\" style=\"border-color:#d2b07742;border-width:1px;border-top-left-radius:20px;border-top-right-radius:20px;border-bottom-left-radius:20px;border-bottom-right-radius:20px;background-color:#ffffff0d;padding-top:var(--wp--preset--spacing--50);padding-right:var(--wp--preset--spacing--40);padding-bottom:var(--wp--preset--spacing--50);padding-left:var(--wp--preset--spacing--40)\">\n<div class=\"wp-block-group is-vertical is-content-justification-center is-layout-flex wp-container-core-group-is-layout-4b2eccd6 wp-block-group-is-layout-flex\">\n<p class=\"has-text-align-center has-neve-link-color-color has-text-color has-link-color has-large-font-size wp-elements-58b7e8f6811f4b3a1ba1493e3c41e414\"><strong>1910<\/strong><\/p>\n\n\n\n<p class=\"has-text-align-center has-neve-link-hover-color-color has-text-color has-link-color wp-elements-f85d9abc97b79f537ff093d6b8a96822\" style=\"font-size:14px\">Denominaci\u00f3n actual e inauguraci\u00f3n de la sede<\/p>\n<\/div>\n<\/div>\n<\/div>\n\n\n\n\n\n<p><\/p>\n","protected":false},"excerpt":{"rendered":"<p>S\u00edntesis institucional Historia, museo, ceremonial y actividad p\u00fablica La p\u00e1gina re\u00fane la rese\u00f1a hist\u00f3rica del Regimiento, su misi\u00f3n institucional, el Museo Blandengues de Artigas y una selecci\u00f3n de im\u00e1genes y actividades desarrolladas con visitantes, escolares y ceremonias p\u00fablicas. 1796 Creaci\u00f3n del Cuerpo de Blandengues de la Frontera de Montevideo 1797 Ingreso del entonces Soldado Jos\u00e9&hellip;&nbsp;<a href=\"https:\/\/uuee.ejercito.mil.uy\/rc1\/\" rel=\"bookmark\"><span class=\"screen-reader-text\">Inicio<\/span><\/a><\/p>\n","protected":false},"author":1,"featured_media":14,"parent":0,"menu_order":0,"comment_status":"closed","ping_status":"closed","template":"","meta":{"neve_meta_sidebar":"","neve_meta_container":"","neve_meta_enable_content_width":"","neve_meta_content_width":0,"neve_meta_title_alignment":"","neve_meta_author_avatar":"","neve_post_elements_order":"","neve_meta_disable_header":"","neve_meta_disable_footer":"","neve_meta_disable_title":"on","footnotes":""},"class_list":["post-13","page","type-page","status-publish","has-post-thumbnail","hentry"],"_links":{"self":[{"href":"https:\/\/uuee.ejercito.mil.uy\/rc1\/wp-json\/wp\/v2\/pages\/13","targetHints":{"allow":["GET"]}}],"collection":[{"href":"https:\/\/uuee.ejercito.mil.uy\/rc1\/wp-json\/wp\/v2\/pages"}],"about":[{"href":"https:\/\/uuee.ejercito.mil.uy\/rc1\/wp-json\/wp\/v2\/types\/page"}],"author":[{"embeddable":true,"href":"https:\/\/uuee.ejercito.mil.uy\/rc1\/wp-json\/wp\/v2\/users\/1"}],"replies":[{"embeddable":true,"href":"https:\/\/uuee.ejercito.mil.uy\/rc1\/wp-json\/wp\/v2\/comments?post=13"}],"version-history":[{"count":45,"href":"https:\/\/uuee.ejercito.mil.uy\/rc1\/wp-json\/wp\/v2\/pages\/13\/revisions"}],"predecessor-version":[{"id":213,"href":"https:\/\/uuee.ejercito.mil.uy\/rc1\/wp-json\/wp\/v2\/pages\/13\/revisions\/213"}],"wp:featuredmedia":[{"embeddable":true,"href":"https:\/\/uuee.ejercito.mil.uy\/rc1\/wp-json\/wp\/v2\/media\/14"}],"wp:attachment":[{"href":"https:\/\/uuee.ejercito.mil.uy\/rc1\/wp-json\/wp\/v2\/media?parent=13"}],"curies":[{"name":"wp","href":"https:\/\/api.w.org\/{rel}","templated":true}]}}