{"id":990,"date":"2022-07-06T12:45:59","date_gmt":"2022-07-06T12:45:59","guid":{"rendered":"http:\/\/uuee.ejercito.mil.uy\/eehh\/?page_id=990"},"modified":"2025-09-11T13:11:47","modified_gmt":"2025-09-11T13:11:47","slug":"fuerte-de-san-miguel","status":"publish","type":"page","link":"https:\/\/uuee.ejercito.mil.uy\/eehh\/fuerte-de-san-miguel\/","title":{"rendered":"Fuerte de San Miguel"},"content":{"rendered":"\n<div class=\"wp-block-cover alignfull is-light\" style=\"min-height:555px;aspect-ratio:unset;\"><img loading=\"lazy\" decoding=\"async\" width=\"550\" height=\"368\" class=\"wp-block-cover__image-background wp-image-760\" alt=\"\" src=\"http:\/\/uuee.ejercito.mil.uy\/eehh\/wp-content\/uploads\/sites\/6\/2022\/06\/otra-vista-interior-del.jpg\" data-object-fit=\"cover\" srcset=\"https:\/\/uuee.ejercito.mil.uy\/eehh\/wp-content\/uploads\/sites\/6\/2022\/06\/otra-vista-interior-del.jpg 550w, https:\/\/uuee.ejercito.mil.uy\/eehh\/wp-content\/uploads\/sites\/6\/2022\/06\/otra-vista-interior-del-300x201.jpg 300w\" sizes=\"auto, (max-width: 550px) 100vw, 550px\" \/><span aria-hidden=\"true\" class=\"wp-block-cover__background has-background-dim\" style=\"background-color:#8b8e88\"><\/span><div class=\"wp-block-cover__inner-container is-layout-flow wp-block-cover-is-layout-flow\">\n<p class=\"has-text-align-center has-nv-text-dark-bg-color has-text-color has-link-color has-large-font-size wp-elements-bfcb4fb4b12b4a415d679679374b888f\">Fuerte \u00abSan Miguel\u00bb<\/p>\n\n\n\n<p class=\"has-text-align-center has-nv-text-dark-bg-color has-text-color has-link-color has-large-font-size wp-elements-c3b2e02fa1db1e65d56d66adbfdd04ea\">Horario de visita: Lunes a Domingo de 10:00 a 18:00 Horas<\/p>\n\n\n\n<div id=\"wp-block-themeisle-blocks-button-group-e7e45fce\" class=\"wp-block-themeisle-blocks-button-group collapse-mobile wp-block-buttons align-center\">\n<div id=\"wp-block-themeisle-blocks-button-971f82ee\" class=\"wp-block-themeisle-blocks-button wp-block-button\"><a href=\"https:\/\/uuee.ejercito.mil.uy\/eehh\/2025\/02\/19\/museo-horacio-arredondo\/\" target=\"_self\" rel=\"noopener noreferrer\" class=\"wp-block-button__link\"><span>Museo indigena y criollo \u00abHoracio arredondo\u00bb<\/span><\/a><\/div>\n<\/div>\n<\/div><\/div>\n\n\n\n<div style=\"height:100px\" aria-hidden=\"true\" class=\"wp-block-spacer\"><\/div>\n\n\n\n<div class=\"wp-block-group alignfull is-content-justification-center\" style=\"margin-top:0;margin-bottom:0\"><div class=\"wp-block-group__inner-container is-layout-constrained wp-block-group-is-layout-constrained\">\n<div style=\"height:var(--wp--preset--spacing--20)\" aria-hidden=\"true\" class=\"wp-block-spacer\"><\/div>\n\n\n\n<div style=\"height:var(--wp--preset--spacing--20)\" aria-hidden=\"true\" class=\"wp-block-spacer\"><\/div>\n<\/div><\/div>\n\n\n\n<p><\/p>\n\n\n\n<div class=\"wp-block-media-text alignfull is-stacked-on-mobile is-vertically-aligned-top\"><figure class=\"wp-block-media-text__media\"><img loading=\"lazy\" decoding=\"async\" width=\"1024\" height=\"683\" src=\"https:\/\/uuee.ejercito.mil.uy\/eehh\/wp-content\/uploads\/sites\/6\/2024\/08\/2-1-1024x683.jpg\" alt=\"\" class=\"wp-image-1646 size-full\" srcset=\"https:\/\/uuee.ejercito.mil.uy\/eehh\/wp-content\/uploads\/sites\/6\/2024\/08\/2-1-1024x683.jpg 1024w, https:\/\/uuee.ejercito.mil.uy\/eehh\/wp-content\/uploads\/sites\/6\/2024\/08\/2-1-300x200.jpg 300w, https:\/\/uuee.ejercito.mil.uy\/eehh\/wp-content\/uploads\/sites\/6\/2024\/08\/2-1-768x512.jpg 768w, https:\/\/uuee.ejercito.mil.uy\/eehh\/wp-content\/uploads\/sites\/6\/2024\/08\/2-1-930x620.jpg 930w, https:\/\/uuee.ejercito.mil.uy\/eehh\/wp-content\/uploads\/sites\/6\/2024\/08\/2-1.jpg 1200w\" sizes=\"auto, (max-width: 1024px) 100vw, 1024px\" \/><\/figure><div class=\"wp-block-media-text__content\">\n<p><\/p>\n\n\n\n<h3 class=\"wp-block-heading has-text-align-center has-text-color\" style=\"color:#000000\"><strong>1733<\/strong>&nbsp;<\/h3>\n\n\n\n<p class=\"has-text-align-center has-medium-font-size\">El alf\u00e9rez de Dragones Esteban del Castillo enfrenta a los portugueses que hab\u00edan sobrepasado la barra del r\u00edo Grande y emplaza en las adyacencias del arroyo San Miguel una precaria posici\u00f3n fortificada, construida con tepes (tierra apisonada y paja), desde donde se puede vigilar el camino de la Angostura, \u00fanica v\u00eda transitable cercana a la costa atl\u00e1ntica.&nbsp;&nbsp;<\/p>\n<\/div><\/div>\n\n\n\n<div style=\"height:100px\" aria-hidden=\"true\" class=\"wp-block-spacer\"><\/div>\n\n\n\n<div class=\"wp-block-media-text alignfull is-stacked-on-mobile is-vertically-aligned-top\"><figure class=\"wp-block-media-text__media\"><img loading=\"lazy\" decoding=\"async\" width=\"1200\" height=\"800\" src=\"https:\/\/uuee.ejercito.mil.uy\/eehh\/wp-content\/uploads\/sites\/6\/2024\/08\/3-1024x683.jpg\" alt=\"\" class=\"wp-image-1647 size-full\" srcset=\"https:\/\/uuee.ejercito.mil.uy\/eehh\/wp-content\/uploads\/sites\/6\/2024\/08\/3-1024x683.jpg 1024w, https:\/\/uuee.ejercito.mil.uy\/eehh\/wp-content\/uploads\/sites\/6\/2024\/08\/3-300x200.jpg 300w, https:\/\/uuee.ejercito.mil.uy\/eehh\/wp-content\/uploads\/sites\/6\/2024\/08\/3-768x512.jpg 768w, https:\/\/uuee.ejercito.mil.uy\/eehh\/wp-content\/uploads\/sites\/6\/2024\/08\/3-930x620.jpg 930w, https:\/\/uuee.ejercito.mil.uy\/eehh\/wp-content\/uploads\/sites\/6\/2024\/08\/3.jpg 1200w\" sizes=\"auto, (max-width: 1200px) 100vw, 1200px\" \/><\/figure><div class=\"wp-block-media-text__content\">\n<h3 class=\"wp-block-heading has-text-align-center has-text-color\" style=\"color:#000000\"><strong>1737<\/strong><\/h3>\n\n\n\n<p class=\"has-text-align-center has-medium-font-size\">El gobernador de la Capitan\u00eda de R\u00edo de Janeiro, Gomes Freire de Andrade, encomienda al brigadier Jos\u00e9 de Silva Pais la misi\u00f3n de garantizar a la Corona portuguesa la posesi\u00f3n de las tierras ubicadas al sur del actual Brasil. Durante el avance, este ingeniero militar portugu\u00e9s construye el Fuerte Jes\u00fas, Mar\u00eda, Jos\u00e9, n\u00facleo de la Colonia de R\u00edo Grande de San Pedro, y el de Santa Ana, sobre la Laguna de los Patos. Finamente, el 17 de octubre de 1737, funda una tercera fortificaci\u00f3n en una formaci\u00f3n pedregosa y dominante, lindera al arroyo San Miguel. En principio ese reducto cuadrado, con dos baluartes y dos medios baluartes, se construye utilizando tepes y piedra irregluar, con edificaciones internas de palo a pique y paja. Tiempo despu\u00e9s, es reedificado con piedra \u201cen seco\u201d y artillado seis ca\u00f1ones.&nbsp;<\/p>\n<\/div><\/div>\n\n\n\n<div style=\"height:100px\" aria-hidden=\"true\" class=\"wp-block-spacer\"><\/div>\n\n\n\n<div class=\"wp-block-media-text alignfull is-stacked-on-mobile is-vertically-aligned-top\"><figure class=\"wp-block-media-text__media\"><img loading=\"lazy\" decoding=\"async\" width=\"1024\" height=\"683\" src=\"https:\/\/uuee.ejercito.mil.uy\/eehh\/wp-content\/uploads\/sites\/6\/2024\/08\/6-1024x683.jpg\" alt=\"\" class=\"wp-image-1648 size-full\" srcset=\"https:\/\/uuee.ejercito.mil.uy\/eehh\/wp-content\/uploads\/sites\/6\/2024\/08\/6-1024x683.jpg 1024w, https:\/\/uuee.ejercito.mil.uy\/eehh\/wp-content\/uploads\/sites\/6\/2024\/08\/6-300x200.jpg 300w, https:\/\/uuee.ejercito.mil.uy\/eehh\/wp-content\/uploads\/sites\/6\/2024\/08\/6-768x512.jpg 768w, https:\/\/uuee.ejercito.mil.uy\/eehh\/wp-content\/uploads\/sites\/6\/2024\/08\/6-930x620.jpg 930w, https:\/\/uuee.ejercito.mil.uy\/eehh\/wp-content\/uploads\/sites\/6\/2024\/08\/6.jpg 1200w\" sizes=\"auto, (max-width: 1024px) 100vw, 1024px\" \/><\/figure><div class=\"wp-block-media-text__content\">\n<h3 class=\"wp-block-heading has-text-align-center has-text-color\" style=\"color:#000000\"><strong>1740<\/strong><\/h3>\n\n\n\n<p class=\"has-text-align-center has-medium-font-size\">El fuerte presenta su configuraci\u00f3n definitiva de cuatro baluartes, seg\u00fan el sistema desarrollado por el ingeniero militar franc\u00e9s S\u00e9bastien Le Prestre de Vauban, con un per\u00edmetro de 300 metros.&nbsp;<\/p>\n<\/div><\/div>\n\n\n\n<div style=\"height:100px\" aria-hidden=\"true\" class=\"wp-block-spacer\"><\/div>\n\n\n\n<div class=\"wp-block-media-text alignfull is-stacked-on-mobile is-vertically-aligned-top\"><figure class=\"wp-block-media-text__media\"><img loading=\"lazy\" decoding=\"async\" width=\"1024\" height=\"683\" src=\"https:\/\/uuee.ejercito.mil.uy\/eehh\/wp-content\/uploads\/sites\/6\/2024\/08\/DSC_0006-1024x683.jpg\" alt=\"\" class=\"wp-image-1649 size-full\" srcset=\"https:\/\/uuee.ejercito.mil.uy\/eehh\/wp-content\/uploads\/sites\/6\/2024\/08\/DSC_0006-1024x683.jpg 1024w, https:\/\/uuee.ejercito.mil.uy\/eehh\/wp-content\/uploads\/sites\/6\/2024\/08\/DSC_0006-300x200.jpg 300w, https:\/\/uuee.ejercito.mil.uy\/eehh\/wp-content\/uploads\/sites\/6\/2024\/08\/DSC_0006-768x512.jpg 768w, https:\/\/uuee.ejercito.mil.uy\/eehh\/wp-content\/uploads\/sites\/6\/2024\/08\/DSC_0006-1536x1024.jpg 1536w, https:\/\/uuee.ejercito.mil.uy\/eehh\/wp-content\/uploads\/sites\/6\/2024\/08\/DSC_0006-2048x1365.jpg 2048w, https:\/\/uuee.ejercito.mil.uy\/eehh\/wp-content\/uploads\/sites\/6\/2024\/08\/DSC_0006-930x620.jpg 930w\" sizes=\"auto, (max-width: 1024px) 100vw, 1024px\" \/><\/figure><div class=\"wp-block-media-text__content\">\n<h3 class=\"wp-block-heading has-text-align-center has-text-color\" style=\"color:#000000\"><strong>1763<\/strong><\/h3>\n\n\n\n<p class=\"has-text-align-center has-medium-font-size\">Durante la primera expedici\u00f3n de Pedro Antonio de Cevallos a R\u00edo Grande (1762-1763), luego de tomar Colonia del Sacramento, el gobernador de Buenos Aires avanza hacia Maldonado y el 19 de abril recupera la Fortaleza de Santa Teresa. Asegurando este reducto, env\u00eda al capit\u00e1n Alonso Serrato al frente de 150 hombres con el fin intimar la rendici\u00f3n del Fuerte de San Miguel. Ante la amenaza de ser pasados por las armas, el capit\u00e1n portugu\u00e9s Joao Alves Ferreira y sus setenta soldados entrega la plaza, una bandera, quince ca\u00f1ones, dos morteros, 3756 proyectiles de artiller\u00eda, 89 bombas y 80 quintales de p\u00f3lvora. Los prisioneros son enviados en dos contingentes a Maldonado.&nbsp;<\/p>\n<\/div><\/div>\n\n\n\n<div style=\"height:100px\" aria-hidden=\"true\" class=\"wp-block-spacer\"><\/div>\n\n\n\n<div class=\"wp-block-media-text alignfull is-stacked-on-mobile is-vertically-aligned-top\"><figure class=\"wp-block-media-text__media\"><img loading=\"lazy\" decoding=\"async\" width=\"1024\" height=\"683\" src=\"https:\/\/uuee.ejercito.mil.uy\/eehh\/wp-content\/uploads\/sites\/6\/2024\/08\/DSC_0016-1024x683.jpg\" alt=\"\" class=\"wp-image-1650 size-full\" srcset=\"https:\/\/uuee.ejercito.mil.uy\/eehh\/wp-content\/uploads\/sites\/6\/2024\/08\/DSC_0016-1024x683.jpg 1024w, https:\/\/uuee.ejercito.mil.uy\/eehh\/wp-content\/uploads\/sites\/6\/2024\/08\/DSC_0016-300x200.jpg 300w, https:\/\/uuee.ejercito.mil.uy\/eehh\/wp-content\/uploads\/sites\/6\/2024\/08\/DSC_0016-768x512.jpg 768w, https:\/\/uuee.ejercito.mil.uy\/eehh\/wp-content\/uploads\/sites\/6\/2024\/08\/DSC_0016-1536x1024.jpg 1536w, https:\/\/uuee.ejercito.mil.uy\/eehh\/wp-content\/uploads\/sites\/6\/2024\/08\/DSC_0016-2048x1365.jpg 2048w, https:\/\/uuee.ejercito.mil.uy\/eehh\/wp-content\/uploads\/sites\/6\/2024\/08\/DSC_0016-930x620.jpg 930w\" sizes=\"auto, (max-width: 1024px) 100vw, 1024px\" \/><\/figure><div class=\"wp-block-media-text__content\">\n<h3 class=\"wp-block-heading has-text-align-center has-text-color\" style=\"color:#000000\"><strong>1772-1775<\/strong><\/h3>\n\n\n\n<p class=\"has-text-align-center\">En 1722, el ingeniero militar espa\u00f1ol Bernardo Lecocq realiza un relevamiento de la fortificaci\u00f3n y, tres a\u00f1os, despu\u00e9s, ejecuta obras de refuerzo que incluyen la finalizaci\u00f3n del foso que rodea el fuerte.&nbsp;&nbsp;&nbsp;<\/p>\n\n\n\n<h2 class=\"wp-block-heading has-text-align-center\"><strong><br><br><\/strong><strong>1792<\/strong><\/h2>\n\n\n\n<p class=\"has-text-align-center has-medium-font-size\">El ayudante de ingeniero Jos\u00e9 P\u00e9rez Brito presenta un nuevo plano del Fuerte con las reparticiones a efectuar. L p\u00e9rdida de relevancia de San Miguel dentro del sistema defensivo de la Banda Oriental lo convierte pr\u00e1cticamente en una guardia avanzada de Santa Teresa, de mayor envergadura y construcci\u00f3n m\u00e1s resistente.&nbsp;<\/p>\n<\/div><\/div>\n\n\n\n<div style=\"height:100px\" aria-hidden=\"true\" class=\"wp-block-spacer\"><\/div>\n\n\n\n<div class=\"wp-block-media-text alignfull is-stacked-on-mobile is-vertically-aligned-top\"><figure class=\"wp-block-media-text__media\"><img loading=\"lazy\" decoding=\"async\" width=\"1024\" height=\"683\" src=\"https:\/\/uuee.ejercito.mil.uy\/eehh\/wp-content\/uploads\/sites\/6\/2024\/11\/4-1024x683.jpg\" alt=\"\" class=\"wp-image-3188 size-full\" srcset=\"https:\/\/uuee.ejercito.mil.uy\/eehh\/wp-content\/uploads\/sites\/6\/2024\/11\/4-1024x683.jpg 1024w, https:\/\/uuee.ejercito.mil.uy\/eehh\/wp-content\/uploads\/sites\/6\/2024\/11\/4-300x200.jpg 300w, https:\/\/uuee.ejercito.mil.uy\/eehh\/wp-content\/uploads\/sites\/6\/2024\/11\/4-768x512.jpg 768w, https:\/\/uuee.ejercito.mil.uy\/eehh\/wp-content\/uploads\/sites\/6\/2024\/11\/4-930x620.jpg 930w, https:\/\/uuee.ejercito.mil.uy\/eehh\/wp-content\/uploads\/sites\/6\/2024\/11\/4.jpg 1200w\" sizes=\"auto, (max-width: 1024px) 100vw, 1024px\" \/><\/figure><div class=\"wp-block-media-text__content\">\n<h3 class=\"wp-block-heading has-text-align-center has-text-color\" style=\"color:#000000\"><strong>1811<\/strong><\/h3>\n\n\n\n<p class=\"has-text-align-center has-medium-font-size\">Durante la invasi\u00f3n portuguesa de 1811 en auxilio del virrey Francisco Javier de El\u00edo, situado en Montevideo por los revolucionarios de las Provincias Unidas del R\u00edo de la Plata, el Ej\u00e9rcito Pacificador de la Banda Oriental arriba el 30 de agosto a la barra de San Miguel, dejando una guarnici\u00f3n<\/p>\n\n\n\n<h2 class=\"wp-block-heading has-text-align-center\"><strong>1825-1828<\/strong><\/h2>\n\n\n\n<p class=\"has-text-align-center\">Durante el desarrollo de la Cruzada Libertadora (1825) y la Guerra de Brasil (1825-1828), San Miguel es ocupado ocasionalmente por tropas del Ej\u00e9rcito Imperial brasile\u00f1o y del Ej\u00e9rcito Republicano de las Provincias Unidas. La \u00fanica acci\u00f3n militar ocurrida en ese per\u00edodo en las cercan\u00edas del fuerte es el combate naval y terrestre, acaecido el 21 de enero de 1828 entre la barra de San Miguel y el paso hom\u00f3nimo. El hecho de armas se inicia con el enfrentamiento entre el corsario oriental Ituzaing\u00f3 y dos embarcaciones imperiales que, vi\u00e9ndose acorraladas, son abandonadas por su tripulaci\u00f3n, luego de preparar su voladura. Horas despu\u00e9s, el coronel Leandro Olivera combate contra doscientos y cien jinetes imperiales en el paso de San Miguel, dispers\u00e1ndolos sin sufrir bajas.<\/p>\n<\/div><\/div>\n\n\n\n<div style=\"height:100px\" aria-hidden=\"true\" class=\"wp-block-spacer\"><\/div>\n\n\n\n<div class=\"wp-block-media-text alignfull is-stacked-on-mobile is-vertically-aligned-top\"><figure class=\"wp-block-media-text__media\"><img loading=\"lazy\" decoding=\"async\" width=\"1024\" height=\"683\" src=\"https:\/\/uuee.ejercito.mil.uy\/eehh\/wp-content\/uploads\/sites\/6\/2024\/08\/5-1024x683.jpg\" alt=\"\" class=\"wp-image-1651 size-full\" srcset=\"https:\/\/uuee.ejercito.mil.uy\/eehh\/wp-content\/uploads\/sites\/6\/2024\/08\/5-1024x683.jpg 1024w, https:\/\/uuee.ejercito.mil.uy\/eehh\/wp-content\/uploads\/sites\/6\/2024\/08\/5-300x200.jpg 300w, https:\/\/uuee.ejercito.mil.uy\/eehh\/wp-content\/uploads\/sites\/6\/2024\/08\/5-768x512.jpg 768w, https:\/\/uuee.ejercito.mil.uy\/eehh\/wp-content\/uploads\/sites\/6\/2024\/08\/5-1536x1024.jpg 1536w, https:\/\/uuee.ejercito.mil.uy\/eehh\/wp-content\/uploads\/sites\/6\/2024\/08\/5-2048x1365.jpg 2048w, https:\/\/uuee.ejercito.mil.uy\/eehh\/wp-content\/uploads\/sites\/6\/2024\/08\/5-930x620.jpg 930w\" sizes=\"auto, (max-width: 1024px) 100vw, 1024px\" \/><\/figure><div class=\"wp-block-media-text__content\">\n<h3 class=\"wp-block-heading has-text-align-center has-text-color\" style=\"color:#000000\"><strong>1923-1933&nbsp;<\/strong><\/h3>\n\n\n\n<p class=\"has-text-align-center has-medium-font-size\">Comienzan los estudios para la restauraci\u00f3n de la Fortaleza de Santa Teresa, mientras que el Fuerte de San Miguel permanece como un campo de ruinas a la espera de su posible reconstrucci\u00f3n<\/p>\n\n\n\n<h2 class=\"wp-block-heading has-text-align-center\"><strong>1937&nbsp;<\/strong><\/h2>\n\n\n\n<p class=\"has-text-align-center\">El 29 de octubre, el fuerte es declarado Monumento Nacional y el \u00e1rea que lo rodea, Parque Nacional. Finalmente, se inician las obras de restauraci\u00f3n que culminan una d\u00e9cada despu\u00e9s. En la recuperaci\u00f3n del conjunto edilicio se destaca una especial preocupaci\u00f3n por el interior del mismo, lo que permite la creaci\u00f3n de un museo de sitio.&nbsp;<\/p>\n\n\n\n<h2 class=\"wp-block-heading has-text-align-center\"><strong>1981&nbsp;<\/strong><\/h2>\n\n\n\n<p class=\"has-text-align-center\">El fuerte pasa a depender del Departamento de Estudios Hist\u00f3ricos del Estado Mayor del Ej\u00e9rcito y se organiza como Museo Militar.<\/p>\n<\/div><\/div>\n","protected":false},"excerpt":{"rendered":"<p>1733&nbsp; El alf\u00e9rez de Dragones Esteban del Castillo enfrenta a los portugueses que hab\u00edan sobrepasado la barra del r\u00edo Grande y emplaza en las adyacencias del arroyo San Miguel una precaria posici\u00f3n fortificada, construida con tepes (tierra apisonada y paja), desde donde se puede vigilar el camino de la Angostura, \u00fanica v\u00eda transitable cercana a&hellip;&nbsp;<a href=\"https:\/\/uuee.ejercito.mil.uy\/eehh\/fuerte-de-san-miguel\/\" rel=\"bookmark\">Leer m\u00e1s &raquo;<span class=\"screen-reader-text\">Fuerte de San Miguel<\/span><\/a><\/p>\n","protected":false},"author":1,"featured_media":0,"parent":0,"menu_order":0,"comment_status":"closed","ping_status":"closed","template":"","meta":{"neve_meta_sidebar":"","neve_meta_container":"","neve_meta_enable_content_width":"","neve_meta_content_width":0,"neve_meta_title_alignment":"","neve_meta_author_avatar":"","neve_post_elements_order":"","neve_meta_disable_header":"","neve_meta_disable_footer":"","neve_meta_disable_title":"on","_themeisle_gutenberg_block_has_review":false,"footnotes":""},"class_list":["post-990","page","type-page","status-publish","hentry"],"_links":{"self":[{"href":"https:\/\/uuee.ejercito.mil.uy\/eehh\/wp-json\/wp\/v2\/pages\/990","targetHints":{"allow":["GET"]}}],"collection":[{"href":"https:\/\/uuee.ejercito.mil.uy\/eehh\/wp-json\/wp\/v2\/pages"}],"about":[{"href":"https:\/\/uuee.ejercito.mil.uy\/eehh\/wp-json\/wp\/v2\/types\/page"}],"author":[{"embeddable":true,"href":"https:\/\/uuee.ejercito.mil.uy\/eehh\/wp-json\/wp\/v2\/users\/1"}],"replies":[{"embeddable":true,"href":"https:\/\/uuee.ejercito.mil.uy\/eehh\/wp-json\/wp\/v2\/comments?post=990"}],"version-history":[{"count":13,"href":"https:\/\/uuee.ejercito.mil.uy\/eehh\/wp-json\/wp\/v2\/pages\/990\/revisions"}],"predecessor-version":[{"id":3613,"href":"https:\/\/uuee.ejercito.mil.uy\/eehh\/wp-json\/wp\/v2\/pages\/990\/revisions\/3613"}],"wp:attachment":[{"href":"https:\/\/uuee.ejercito.mil.uy\/eehh\/wp-json\/wp\/v2\/media?parent=990"}],"curies":[{"name":"wp","href":"https:\/\/api.w.org\/{rel}","templated":true}]}}