{"id":965,"date":"2022-07-06T12:11:27","date_gmt":"2022-07-06T12:11:27","guid":{"rendered":"http:\/\/uuee.ejercito.mil.uy\/eehh\/?page_id=965"},"modified":"2024-11-29T14:03:12","modified_gmt":"2024-11-29T14:03:12","slug":"mision-y-vision","status":"publish","type":"page","link":"https:\/\/uuee.ejercito.mil.uy\/eehh\/mision-y-vision\/","title":{"rendered":"Misi\u00f3n y Visi\u00f3n"},"content":{"rendered":"\n<div id=\"wp-block-themeisle-blocks-advanced-columns-3e3d1c18\" class=\"wp-block-themeisle-blocks-advanced-columns alignfull has-1-columns has-desktop-equal-layout has-tablet-equal-layout has-mobile-equal-layout has-vertical-center\"><div class=\"wp-block-themeisle-blocks-advanced-columns-overlay\"><\/div><div class=\"innerblocks-wrap\">\n<div id=\"wp-block-themeisle-blocks-advanced-column-0621e375\" class=\"wp-block-themeisle-blocks-advanced-column\">\n<h1 id=\"wp-block-themeisle-blocks-advanced-heading-7c02fcd2\" class=\"wp-block-themeisle-blocks-advanced-heading wp-block-themeisle-blocks-advanced-heading-7c02fcd2\">Misi\u00f3n y Visi\u00f3n<strong> <\/strong><\/h1>\n<\/div>\n<\/div><\/div>\n\n\n\n<div style=\"height:15px\" aria-hidden=\"true\" class=\"wp-block-spacer\"><\/div>\n\n\n\n<div id=\"wp-block-themeisle-blocks-advanced-columns-618d3bbc\" class=\"wp-block-themeisle-blocks-advanced-columns alignfull has-1-columns has-desktop-oneTwo-layout has-tablet-equal-layout has-mobile-collapsedRows-layout has-vertical-center ticss-a2946a77 has-dark-bg\"><div class=\"wp-block-themeisle-blocks-advanced-columns-overlay\"><\/div><div class=\"innerblocks-wrap\">\n<div id=\"wp-block-themeisle-blocks-advanced-column-3a09d397\" class=\"wp-block-themeisle-blocks-advanced-column\">\n<h2 class=\"wp-block-heading has-text-align-center\"><strong>MISI\u00d3N<\/strong><\/h2>\n\n\n\n<p class=\"has-white-color has-text-color has-medium-font-size\" style=\"padding-right:0;padding-left:0\">Asesorar al personal militar y civil que est\u00e9n interesados en el estudio de hechos hist\u00f3ricos, fortificaciones y museolog\u00eda, a fin de ser analizados cr\u00edticamente para fomentar la reflexi\u00f3n social del pasado y presente.<\/p>\n\n\n\n<p class=\"has-small-font-size\" style=\"padding-right:0;padding-left:0\"><\/p>\n\n\n\n<p class=\"has-small-font-size\" style=\"padding-right:0;padding-left:0\"><\/p>\n<\/div>\n<\/div><\/div>\n\n\n\n<p class=\"has-text-align-left\"><\/p>\n\n\n\n<div style=\"height:15px\" aria-hidden=\"true\" class=\"wp-block-spacer\"><\/div>\n\n\n\n<hr class=\"wp-block-separator has-alpha-channel-opacity\" \/>\n\n\n\n<div style=\"height:15px\" aria-hidden=\"true\" class=\"wp-block-spacer\"><\/div>\n\n\n\n<div id=\"wp-block-themeisle-blocks-advanced-columns-a2946a77\" class=\"wp-block-themeisle-blocks-advanced-columns alignfull has-1-columns has-desktop-oneTwo-layout has-tablet-equal-layout has-mobile-collapsedRows-layout has-vertical-center ticss-a2946a77 has-dark-bg\"><div class=\"wp-block-themeisle-blocks-advanced-columns-overlay\"><\/div><div class=\"innerblocks-wrap\">\n<div id=\"wp-block-themeisle-blocks-advanced-column-92b2db05\" class=\"wp-block-themeisle-blocks-advanced-column\">\n<h2 class=\"wp-block-heading has-text-align-center\"><strong>VISI\u00d3N<\/strong><\/h2>\n\n\n\n<p class=\"has-white-color has-text-color has-medium-font-size\" style=\"padding-right:0;padding-left:0\">El Dpto. de EE.HH. Del E.M.E. se considera un instituto comprometido con la ciencia militar e historia nacional, siendo integrado por profesionales responsables del quehacer acad\u00e9mico. De esta forma, se contribuye a la producci\u00f3n de conocimientos de los procesos hist\u00f3ricos.<\/p>\n\n\n\n<p class=\"has-small-font-size\" style=\"padding-right:0;padding-left:0\"><\/p>\n\n\n\n<p class=\"has-small-font-size\" style=\"padding-right:0;padding-left:0\"><\/p>\n<\/div>\n<\/div><\/div>\n","protected":false},"excerpt":{"rendered":"","protected":false},"author":1,"featured_media":0,"parent":0,"menu_order":0,"comment_status":"closed","ping_status":"closed","template":"","meta":{"neve_meta_sidebar":"","neve_meta_container":"","neve_meta_enable_content_width":"","neve_meta_content_width":0,"neve_meta_title_alignment":"","neve_meta_author_avatar":"","neve_post_elements_order":"","neve_meta_disable_header":"","neve_meta_disable_footer":"","neve_meta_disable_title":"on","_themeisle_gutenberg_block_has_review":false,"footnotes":""},"class_list":["post-965","page","type-page","status-publish","hentry"],"_links":{"self":[{"href":"https:\/\/uuee.ejercito.mil.uy\/eehh\/wp-json\/wp\/v2\/pages\/965","targetHints":{"allow":["GET"]}}],"collection":[{"href":"https:\/\/uuee.ejercito.mil.uy\/eehh\/wp-json\/wp\/v2\/pages"}],"about":[{"href":"https:\/\/uuee.ejercito.mil.uy\/eehh\/wp-json\/wp\/v2\/types\/page"}],"author":[{"embeddable":true,"href":"https:\/\/uuee.ejercito.mil.uy\/eehh\/wp-json\/wp\/v2\/users\/1"}],"replies":[{"embeddable":true,"href":"https:\/\/uuee.ejercito.mil.uy\/eehh\/wp-json\/wp\/v2\/comments?post=965"}],"version-history":[{"count":6,"href":"https:\/\/uuee.ejercito.mil.uy\/eehh\/wp-json\/wp\/v2\/pages\/965\/revisions"}],"predecessor-version":[{"id":3184,"href":"https:\/\/uuee.ejercito.mil.uy\/eehh\/wp-json\/wp\/v2\/pages\/965\/revisions\/3184"}],"wp:attachment":[{"href":"https:\/\/uuee.ejercito.mil.uy\/eehh\/wp-json\/wp\/v2\/media?parent=965"}],"curies":[{"name":"wp","href":"https:\/\/api.w.org\/{rel}","templated":true}]}}