{"id":1779,"date":"2024-10-31T15:15:00","date_gmt":"2024-10-31T15:15:00","guid":{"rendered":"https:\/\/uuee.ejercito.mil.uy\/eehh\/?page_id=1779"},"modified":"2025-05-27T14:08:01","modified_gmt":"2025-05-27T14:08:01","slug":"aammeu","status":"publish","type":"page","link":"https:\/\/uuee.ejercito.mil.uy\/eehh\/aammeu\/","title":{"rendered":"AAMMEU"},"content":{"rendered":"\n<div id=\"wp-block-themeisle-blocks-advanced-columns-3e3d1c18\" class=\"wp-block-themeisle-blocks-advanced-columns alignfull has-1-columns has-desktop-equal-layout has-tablet-equal-layout has-mobile-equal-layout has-vertical-top\"><div class=\"wp-block-themeisle-blocks-advanced-columns-overlay\"><\/div><div class=\"innerblocks-wrap\">\n<div id=\"wp-block-themeisle-blocks-advanced-column-0621e375\" class=\"wp-block-themeisle-blocks-advanced-column\">\n<h1 id=\"wp-block-themeisle-blocks-advanced-heading-7c02fcd2\" class=\"wp-block-themeisle-blocks-advanced-heading wp-block-themeisle-blocks-advanced-heading-7c02fcd2\"><strong>Asociaci\u00f3n de Amigos de los Museos Militares del Ej\u00e9rcito Uruguayo<\/strong> A.A.M.M.E.U<\/h1>\n\n\n\n<p><strong> <\/strong><\/p>\n\n\n<div class=\"wp-block-image is-style-default\">\n<figure class=\"aligncenter size-full is-resized\"><img loading=\"lazy\" decoding=\"async\" width=\"240\" height=\"256\" src=\"https:\/\/uuee.ejercito.mil.uy\/eehh\/wp-content\/uploads\/sites\/6\/2024\/08\/aammeuweb.png\" alt=\"\" class=\"wp-image-1793\" style=\"aspect-ratio:0.8376383763837638;width:195px;height:auto\" \/><\/figure>\n<\/div>\n\n\n<div id=\"wp-block-themeisle-blocks-button-group-e7e45fce\" class=\"wp-block-themeisle-blocks-button-group collapse-mobile wp-block-buttons align-center\">\n<div id=\"wp-block-themeisle-blocks-button-971f82ee\" class=\"wp-block-themeisle-blocks-button wp-block-button\"><a href=\"https:\/\/aammeu.wordpress.com\/\" target=\"_self\" rel=\"noopener noreferrer\" class=\"wp-block-button__link\"><span>Visita la pagina web<\/span><\/a><\/div>\n<\/div>\n<\/div>\n<\/div><\/div>\n\n\n\n<div style=\"height:100px\" aria-hidden=\"true\" class=\"wp-block-spacer\"><\/div>\n\n\n\n<div id=\"wp-block-themeisle-blocks-advanced-columns-a2946a77\" class=\"wp-block-themeisle-blocks-advanced-columns alignfull has-1-columns has-desktop-oneTwo-layout has-tablet-equal-layout has-mobile-collapsedRows-layout has-vertical-center ticss-a2946a77 has-dark-bg\"><div class=\"wp-block-themeisle-blocks-advanced-columns-overlay\"><\/div><div class=\"innerblocks-wrap\">\n<div id=\"wp-block-themeisle-blocks-advanced-column-92b2db05\" class=\"wp-block-themeisle-blocks-advanced-column\">\n<h2 id=\"wp-block-themeisle-blocks-advanced-heading-8f1f2647\" class=\"wp-block-themeisle-blocks-advanced-heading wp-block-themeisle-blocks-advanced-heading-8f1f2647\">                A.A.M.M.E.U<\/h2>\n\n\n\n<p class=\"has-white-color has-text-color has-medium-font-size\" style=\"padding-right:0;padding-left:0\">La&nbsp; Asociaci\u00f3n de Amigos de los Museos Militares del Ej\u00e9rcito Uruguayo, es una asociaci\u00f3n civil que cuenta con personer\u00eda jur\u00eddica, con sede en el Museo Militar \u201c18 de Mayo de 1811\u201d del Departamento de Estudios Hist\u00f3ricos del Estado Mayor del Ej\u00e9rcito.<\/p>\n\n\n\n<p class=\"has-small-font-size\" style=\"padding-right:0;padding-left:0\"><\/p>\n<\/div>\n<\/div><\/div>\n\n\n\n<div id=\"wp-block-themeisle-blocks-advanced-columns-e4712690\" class=\"wp-block-themeisle-blocks-advanced-columns alignfull has-1-columns has-desktop-oneTwo-layout has-tablet-equal-layout has-mobile-collapsedRows-layout has-vertical-center ticss-a2946a77 has-dark-bg\"><div class=\"wp-block-themeisle-blocks-advanced-columns-overlay\"><\/div><div class=\"innerblocks-wrap\">\n<div id=\"wp-block-themeisle-blocks-advanced-column-28a8fdae\" class=\"wp-block-themeisle-blocks-advanced-column\">\n<h2 class=\"wp-block-heading\">Por Estatuto, sus principales funciones son las siguientes:<\/h2>\n\n\n\n<p class=\"has-white-color has-text-color has-medium-font-size\" style=\"padding-right:0;padding-left:0\">Colaborar y apoyar moral, espiritual y materialmente en la organizaci\u00f3n y funcionamiento del archivo y museos destinados a atesorar las reliquias, libros, documentos, publicaciones y objetos hist\u00f3ricos relacionados con la trayectoria del Ej\u00e9rcito Nacional. Promover la realizaci\u00f3n de actos y expresiones culturales tendientes a difundir e investigar la historia del Ej\u00e9rcito Nacional.<\/p>\n\n\n\n<p class=\"has-small-font-size\" style=\"padding-right:0;padding-left:0\"><\/p>\n<\/div>\n<\/div><\/div>\n\n\n\n<div id=\"wp-block-themeisle-blocks-advanced-columns-1a1f44e1\" class=\"wp-block-themeisle-blocks-advanced-columns alignfull has-1-columns has-desktop-oneTwo-layout has-tablet-equal-layout has-mobile-collapsedRows-layout has-vertical-center ticss-a2946a77 has-dark-bg\"><div class=\"wp-block-themeisle-blocks-advanced-columns-overlay\"><\/div><div class=\"innerblocks-wrap\">\n<div id=\"wp-block-themeisle-blocks-advanced-column-5438ba5a\" class=\"wp-block-themeisle-blocks-advanced-column\">\n<h2 class=\"wp-block-heading\"><\/h2>\n\n\n\n<p class=\"has-medium-font-size\" style=\"padding-right:0;padding-left:0\"><\/p>\n<\/div>\n<\/div><\/div>\n","protected":false},"excerpt":{"rendered":"","protected":false},"author":1,"featured_media":0,"parent":0,"menu_order":0,"comment_status":"closed","ping_status":"closed","template":"","meta":{"neve_meta_sidebar":"","neve_meta_container":"","neve_meta_enable_content_width":"","neve_meta_content_width":0,"neve_meta_title_alignment":"","neve_meta_author_avatar":"","neve_post_elements_order":"","neve_meta_disable_header":"","neve_meta_disable_footer":"","neve_meta_disable_title":"on","_themeisle_gutenberg_block_has_review":false,"footnotes":""},"class_list":["post-1779","page","type-page","status-publish","hentry"],"_links":{"self":[{"href":"https:\/\/uuee.ejercito.mil.uy\/eehh\/wp-json\/wp\/v2\/pages\/1779","targetHints":{"allow":["GET"]}}],"collection":[{"href":"https:\/\/uuee.ejercito.mil.uy\/eehh\/wp-json\/wp\/v2\/pages"}],"about":[{"href":"https:\/\/uuee.ejercito.mil.uy\/eehh\/wp-json\/wp\/v2\/types\/page"}],"author":[{"embeddable":true,"href":"https:\/\/uuee.ejercito.mil.uy\/eehh\/wp-json\/wp\/v2\/users\/1"}],"replies":[{"embeddable":true,"href":"https:\/\/uuee.ejercito.mil.uy\/eehh\/wp-json\/wp\/v2\/comments?post=1779"}],"version-history":[{"count":8,"href":"https:\/\/uuee.ejercito.mil.uy\/eehh\/wp-json\/wp\/v2\/pages\/1779\/revisions"}],"predecessor-version":[{"id":3409,"href":"https:\/\/uuee.ejercito.mil.uy\/eehh\/wp-json\/wp\/v2\/pages\/1779\/revisions\/3409"}],"wp:attachment":[{"href":"https:\/\/uuee.ejercito.mil.uy\/eehh\/wp-json\/wp\/v2\/media?parent=1779"}],"curies":[{"name":"wp","href":"https:\/\/api.w.org\/{rel}","templated":true}]}}