{"id":43,"date":"2022-08-19T14:24:48","date_gmt":"2022-08-19T14:24:48","guid":{"rendered":"http:\/\/uuee.ejercito.mil.uy\/ecome\/?page_id=43"},"modified":"2022-08-23T11:29:09","modified_gmt":"2022-08-23T11:29:09","slug":"historia-y-mision","status":"publish","type":"page","link":"https:\/\/uuee.ejercito.mil.uy\/ecome\/historia-y-mision\/","title":{"rendered":"Misi\u00f3n e Historia"},"content":{"rendered":"\n<div id=\"wp-block-themeisle-blocks-advanced-columns-af1635f9\" class=\"wp-block-themeisle-blocks-advanced-columns alignfull has-1-columns has-desktop-equal-layout has-tablet-equal-layout has-mobile-equal-layout has-vertical-center\"><div class=\"wp-block-themeisle-blocks-advanced-columns-overlay\"><\/div><div class=\"innerblocks-wrap\">\n<div id=\"wp-block-themeisle-blocks-advanced-column-afacdff0\" class=\"wp-block-themeisle-blocks-advanced-column\">\n<h1 id=\"wp-block-themeisle-blocks-advanced-heading-a615cbcc\" class=\"wp-block-themeisle-blocks-advanced-heading wp-block-themeisle-blocks-advanced-heading-a615cbcc\">Misi\u00f3n e Historia<\/h1>\n\n\n<div class=\"wp-block-image is-style-default\">\n<figure class=\"aligncenter size-full\"><img loading=\"lazy\" decoding=\"async\" width=\"546\" height=\"457\" src=\"http:\/\/uuee.ejercito.mil.uy\/ecome\/wp-content\/uploads\/sites\/3\/2022\/08\/HERALDICA-removebg-preview.png\" alt=\"\" class=\"wp-image-7\" srcset=\"https:\/\/uuee.ejercito.mil.uy\/ecome\/wp-content\/uploads\/sites\/3\/2022\/08\/HERALDICA-removebg-preview.png 546w, https:\/\/uuee.ejercito.mil.uy\/ecome\/wp-content\/uploads\/sites\/3\/2022\/08\/HERALDICA-removebg-preview-300x251.png 300w\" sizes=\"auto, (max-width: 546px) 100vw, 546px\" \/><\/figure>\n<\/div><\/div>\n<\/div><\/div>\n\n\n\n<div style=\"height:30px\" aria-hidden=\"true\" class=\"wp-block-spacer\"><\/div>\n\n\n\n<h2 id=\"wp-block-themeisle-blocks-advanced-heading-57959dd3\" class=\"wp-block-themeisle-blocks-advanced-heading wp-block-themeisle-blocks-advanced-heading-57959dd3\"><strong>MISI\u00d3N<\/strong><\/h2>\n\n\n\n<p>&nbsp;Formar, perfeccionar y especializar al personal superior y subalterno del arma en comunicaciones, en electr\u00f3nica e inform\u00e1tica<\/p>\n\n\n\n<p>Capacitar en comunicaciones e inform\u00e1tica al personal superior y subalterno de otras armas del ej\u00e9rcito y de las otras fuerzas. Adem\u00e1s, en el marco del acuerdo entre el ej\u00e9rcito nacional y el consejo de educaci\u00f3n t\u00e9cnico profesional de la utu, se dictan cursos de electrotecnia y electr\u00f3nica.<\/p>\n\n\n\n<div style=\"height:30px\" aria-hidden=\"true\" class=\"wp-block-spacer\"><\/div>\n\n\n\n<h2 id=\"wp-block-themeisle-blocks-advanced-heading-650d06c6\" class=\"wp-block-themeisle-blocks-advanced-heading wp-block-themeisle-blocks-advanced-heading-650d06c6\"><strong>HISTORIA<\/strong><\/h2>\n\n\n\n<p>Con fecha 11 de Setiembre de 1931, por disposici\u00f3n superior comunicada en el Bolet\u00edn del Ej\u00e9rcito No. 334, se aprob\u00f3 con car\u00e1cter provisorio el proyecto de creaci\u00f3n de la Escuela de Radiotelegrafistas Militares.<br><br>Teniendo su sede en Pe\u00f1arol, ocupando local perteneciente al Batall\u00f3n de Ingenieros No. 4 (Telegrafistas) y siendo su Director el Jefe de dicha unidad, Teniente Coronel D. Adolfo S. Quintana, la Escuela inicia sus actividades en el a\u00f1o 1932.<br><br>El 15 de febrero, rinden examen de ingreso con aprobaci\u00f3n veinte alumnos, cifra que es aumentada en tres alumnos el 5 de marzo. El 9 de diciembre se produce el egreso de la primera promoci\u00f3n. La misma estaba integrada por el Telegrafista 2\u00aa Sgto. Honorio Dutra; el Telegrafista 3\u00aa Cabo Orosimbo Machado y el distinguido Olavo Machado de Bintencourt. Dichos alumnos, pasan al Batall\u00f3n de Ingenieros No.4 (Telegrafistas).<\/p>\n\n\n\n<div style=\"height:30px\" aria-hidden=\"true\" class=\"wp-block-spacer\"><\/div>\n\n\n\n<p class=\"has-text-align-center\"><strong>NUEVO REGLAMENTO Y CAMBIO DE DENOMINACI\u00d3N<br>\u00abESCUELA DE TRASMISIONES DEL EJ\u00c9RCITO\u00bb<\/strong><\/p>\n\n\n\n<p>El 31 de enero de 1946, el Poder Ejecutivo por Decreto N\u00ba. 6098, establece:<br><br>Considerando: 1\u00ba) La evoluci\u00f3n habida en la producci\u00f3n de aparatos de trasmisiones y profusi\u00f3n de su empleo, as\u00ed como las exigencias cada vez mayores del Ej\u00e9rcito, de disponer de personal especializado para el manejo y explotaci\u00f3n de los medios de trasmisiones. 2\u00ba) Que la Escuela de Radiotelegrafistas Militares que actualmente funciona, no llena las necesidades actuales del Ej\u00e9rcito.<br><br>Atento: a que el nuevo proyecto tiende a subsanar las deficiencias de la precitada Escuela; El presidente de la Rep\u00fablica, Decreta: Art\u00edculo 1\u00ba. Apru\u00e9bese el reglamento para la Escuela de trasmisiones.<br><br>El reglamento aprobado denomina al Instituto como Escuela de Trasmisiones, y a lo largo de cinco cap\u00edtulos con 67 Art\u00edculos, se establecen dependencia y funciones, autoridad, organizaci\u00f3n interna de los cursos, material y personal.<br><br>Dentro de los fines previstos la Escuela deber\u00e1 realizar los cursos de Aprendices de Radiotelegrafistas, cursillos pr\u00e1cticos para Oficiales y Tropa sobre conocimiento y manejo de nuevos aparatos de transmisiones.<\/p>\n\n\n<div class=\"wp-block-image\">\n<figure class=\"aligncenter size-full\"><img loading=\"lazy\" decoding=\"async\" width=\"395\" height=\"239\" src=\"http:\/\/uuee.ejercito.mil.uy\/ecome\/wp-content\/uploads\/sites\/3\/2022\/08\/Captura1.jpg\" alt=\"\" class=\"wp-image-71\" srcset=\"https:\/\/uuee.ejercito.mil.uy\/ecome\/wp-content\/uploads\/sites\/3\/2022\/08\/Captura1.jpg 395w, https:\/\/uuee.ejercito.mil.uy\/ecome\/wp-content\/uploads\/sites\/3\/2022\/08\/Captura1-300x182.jpg 300w\" sizes=\"auto, (max-width: 395px) 100vw, 395px\" \/><\/figure>\n<\/div>\n\n\n<div style=\"height:30px\" aria-hidden=\"true\" class=\"wp-block-spacer\"><\/div>\n\n\n\n<p class=\"has-text-align-center\"><strong>LA \u00abESCUELA DE COMUNICACIONES DEL EJ\u00c9RCITO\u00bb<\/strong><\/p>\n\n\n\n<p>Por decreto Ley N\u00ba. 14897 de fecha 7 de enero de 1980, se crea el Arma de Comunicaciones. Esta norma es reglamentada por el Decreto N\u00ba. 92\/980 del 12 de febrero de 1980, que establece que el Arma de Comunicaciones estar\u00e1 organizada con la Brigada de Comunicaciones N\u00ba.1, de la que depender\u00e1n los Batallones de Comunicaciones N\u00ba.1 y de Apoyo y Servicios de Comunicaciones N\u00ba.2, la Escuela de Comunicaciones y la Secci\u00f3n Informaci\u00f3n de Comunicaciones.<br><br>En este a\u00f1o, el Instituto vuelve a instrumentar para un per\u00edodo de dos a\u00f1os, los cursos de Aprendices que hasta ese momento ten\u00edan tres a\u00f1os de duraci\u00f3n. El 19 de octubre de 1983 el C.G.E., a trav\u00e9s de la Comunicaci\u00f3n No. 20 informa la instalaci\u00f3n de la Escuela en su nuevo local ubicado en Camino Casavalle No. 4418.<\/p>\n\n\n\n<div style=\"height:30px\" aria-hidden=\"true\" class=\"wp-block-spacer\"><\/div>\n\n\n\n<div id=\"wp-block-themeisle-blocks-advanced-columns-76c47556\" class=\"wp-block-themeisle-blocks-advanced-columns has-0-columns has-desktop-undefined-layout has-tablet-equal-layout has-mobile-equal-layout has-vertical-unset\"><div class=\"wp-block-themeisle-blocks-advanced-columns-overlay\"><\/div><div class=\"innerblocks-wrap\"><\/div><\/div>\n","protected":false},"excerpt":{"rendered":"<p>&nbsp;Formar, perfeccionar y especializar al personal superior y subalterno del arma en comunicaciones, en electr\u00f3nica e inform\u00e1tica Capacitar en comunicaciones e inform\u00e1tica al personal superior y subalterno de otras armas del ej\u00e9rcito y de las otras fuerzas. Adem\u00e1s, en el marco del acuerdo entre el ej\u00e9rcito nacional y el consejo de educaci\u00f3n t\u00e9cnico profesional de&hellip;&nbsp;<a href=\"https:\/\/uuee.ejercito.mil.uy\/ecome\/historia-y-mision\/\" rel=\"bookmark\">Leer m\u00e1s &raquo;<span class=\"screen-reader-text\">Misi\u00f3n e Historia<\/span><\/a><\/p>\n","protected":false},"author":2,"featured_media":0,"parent":0,"menu_order":0,"comment_status":"closed","ping_status":"closed","template":"","meta":{"neve_meta_sidebar":"full-width","neve_meta_container":"","neve_meta_enable_content_width":"","neve_meta_content_width":70,"neve_meta_title_alignment":"center","neve_meta_author_avatar":"","neve_post_elements_order":"","neve_meta_disable_header":"","neve_meta_disable_footer":"","neve_meta_disable_title":"on","footnotes":""},"class_list":["post-43","page","type-page","status-publish","hentry"],"_links":{"self":[{"href":"https:\/\/uuee.ejercito.mil.uy\/ecome\/wp-json\/wp\/v2\/pages\/43","targetHints":{"allow":["GET"]}}],"collection":[{"href":"https:\/\/uuee.ejercito.mil.uy\/ecome\/wp-json\/wp\/v2\/pages"}],"about":[{"href":"https:\/\/uuee.ejercito.mil.uy\/ecome\/wp-json\/wp\/v2\/types\/page"}],"author":[{"embeddable":true,"href":"https:\/\/uuee.ejercito.mil.uy\/ecome\/wp-json\/wp\/v2\/users\/2"}],"replies":[{"embeddable":true,"href":"https:\/\/uuee.ejercito.mil.uy\/ecome\/wp-json\/wp\/v2\/comments?post=43"}],"version-history":[{"count":7,"href":"https:\/\/uuee.ejercito.mil.uy\/ecome\/wp-json\/wp\/v2\/pages\/43\/revisions"}],"predecessor-version":[{"id":81,"href":"https:\/\/uuee.ejercito.mil.uy\/ecome\/wp-json\/wp\/v2\/pages\/43\/revisions\/81"}],"wp:attachment":[{"href":"https:\/\/uuee.ejercito.mil.uy\/ecome\/wp-json\/wp\/v2\/media?parent=43"}],"curies":[{"name":"wp","href":"https:\/\/api.w.org\/{rel}","templated":true}]}}