{"id":41,"date":"2022-08-19T14:24:27","date_gmt":"2022-08-19T14:24:27","guid":{"rendered":"http:\/\/uuee.ejercito.mil.uy\/ecome\/?page_id=41"},"modified":"2022-08-23T12:58:03","modified_gmt":"2022-08-23T12:58:03","slug":"cursos","status":"publish","type":"page","link":"https:\/\/uuee.ejercito.mil.uy\/ecome\/cursos\/","title":{"rendered":"Cursos"},"content":{"rendered":"\n<div id=\"wp-block-themeisle-blocks-advanced-columns-af1635f9\" class=\"wp-block-themeisle-blocks-advanced-columns alignfull has-1-columns has-desktop-equal-layout has-tablet-equal-layout has-mobile-equal-layout has-vertical-center\"><div class=\"wp-block-themeisle-blocks-advanced-columns-overlay\"><\/div><div class=\"innerblocks-wrap\">\n<div id=\"wp-block-themeisle-blocks-advanced-column-afacdff0\" class=\"wp-block-themeisle-blocks-advanced-column\">\n<h1 id=\"wp-block-themeisle-blocks-advanced-heading-a615cbcc\" class=\"wp-block-themeisle-blocks-advanced-heading wp-block-themeisle-blocks-advanced-heading-a615cbcc\">Cursos dictados<\/h1>\n\n\n<div class=\"wp-block-image is-style-default\">\n<figure class=\"aligncenter size-full\"><img loading=\"lazy\" decoding=\"async\" width=\"546\" height=\"457\" src=\"http:\/\/uuee.ejercito.mil.uy\/ecome\/wp-content\/uploads\/sites\/3\/2022\/08\/HERALDICA-removebg-preview.png\" alt=\"\" class=\"wp-image-7\" srcset=\"https:\/\/uuee.ejercito.mil.uy\/ecome\/wp-content\/uploads\/sites\/3\/2022\/08\/HERALDICA-removebg-preview.png 546w, https:\/\/uuee.ejercito.mil.uy\/ecome\/wp-content\/uploads\/sites\/3\/2022\/08\/HERALDICA-removebg-preview-300x251.png 300w\" sizes=\"auto, (max-width: 546px) 100vw, 546px\" \/><\/figure>\n<\/div><\/div>\n<\/div><\/div>\n\n\n\n<div style=\"height:30px\" aria-hidden=\"true\" class=\"wp-block-spacer\"><\/div>\n\n\n\n<p><strong>&nbsp;Los cursos dictados actualmente en el instituto son brindados exclusivamente a personal militar, ya sea del arma de comunicaciones o de otras armas del ej\u00e9rcito nacional, y en general integrantes de las fuerzas armadas, en el \u00e1mbito de las comunicaciones y la inform\u00e1tica.<\/strong><\/p>\n\n\n\n<p style=\"font-size:25px\"><strong>CURSOS:<\/strong><\/p>\n\n\n\n<ul class=\"wp-block-list\"><li>Perito Militar en Electr\u00f3nica y Telecomunicaciones<\/li><li>Primer A\u00f1o de Aprendices Especialistas en Comunicaciones<\/li><li>Segundo A\u00f1o de Aprendices Especialistas en Comunicaciones<\/li><li>Tercer Escal\u00f3n de Mantenimiento de Equipos de Comunicaciones<\/li><li>B\u00e1sico de Radio Operador para P\/S (1er. Periodo) E.Com.E.<\/li><li>B\u00e1sico de Radio Operador para P\/S (2do. Periodo) D.E.I.<\/li><li>B\u00e1sico de Radio Operador para P\/S (3er. Periodo) D.E.II.<\/li><li>B\u00e1sico de Radio Operador para P\/S (4to. Periodo) D.E.III.<\/li><li>B\u00e1sico de Radio Operador para P\/S (5to. Periodo) D.E.IV<\/li><li>Sistemas Inform\u00e1ticos<\/li><li>B\u00e1sico de Inform\u00e1tica<\/li><li>Avanzado de Inform\u00e1tica<\/li><li>Armado y Reparaci\u00f3n de PC<\/li><li>Operador de Redes<\/li><li>Sistemas de Audio<\/li><li>Comunicaciones para Oficiales de las Distintas Armas (E.M)<\/li><li>B\u00e1sico de Operador de Veh\u00edculo A\u00e9reo No Tripulado<\/li><li>T\u00e1ctica y T\u00e9cnica de Comunicaciones E.S.O.E.<\/li><li>Redes de Datos<\/li><li>Primer A\u00f1o de Tecn\u00f3logo Militar en Inform\u00e1tica de la Carrera de Licenciatura en Ciberseguridad a ser homologado ante la UTEC (T\u00e9cnico Superior Universitario en Tecnolog\u00eda de la Informaci\u00f3n).<\/li><li>Forense Inform\u00e1tico<\/li><\/ul>\n\n\n\n<div id=\"wp-block-themeisle-blocks-advanced-columns-c9b762e7\" class=\"wp-block-themeisle-blocks-advanced-columns has-0-columns has-desktop-undefined-layout has-tablet-equal-layout has-mobile-equal-layout has-vertical-unset\"><div class=\"wp-block-themeisle-blocks-advanced-columns-overlay\"><\/div><div class=\"innerblocks-wrap\"><\/div><\/div>\n","protected":false},"excerpt":{"rendered":"<p>&nbsp;Los cursos dictados actualmente en el instituto son brindados exclusivamente a personal militar, ya sea del arma de comunicaciones o de otras armas del ej\u00e9rcito nacional, y en general integrantes de las fuerzas armadas, en el \u00e1mbito de las comunicaciones y la inform\u00e1tica. CURSOS: Perito Militar en Electr\u00f3nica y Telecomunicaciones Primer A\u00f1o de Aprendices Especialistas&hellip;&nbsp;<a href=\"https:\/\/uuee.ejercito.mil.uy\/ecome\/cursos\/\" rel=\"bookmark\">Leer m\u00e1s &raquo;<span class=\"screen-reader-text\">Cursos<\/span><\/a><\/p>\n","protected":false},"author":2,"featured_media":0,"parent":0,"menu_order":0,"comment_status":"closed","ping_status":"closed","template":"","meta":{"neve_meta_sidebar":"full-width","neve_meta_container":"","neve_meta_enable_content_width":"","neve_meta_content_width":0,"neve_meta_title_alignment":"","neve_meta_author_avatar":"","neve_post_elements_order":"","neve_meta_disable_header":"","neve_meta_disable_footer":"","neve_meta_disable_title":"on","footnotes":""},"class_list":["post-41","page","type-page","status-publish","hentry"],"_links":{"self":[{"href":"https:\/\/uuee.ejercito.mil.uy\/ecome\/wp-json\/wp\/v2\/pages\/41","targetHints":{"allow":["GET"]}}],"collection":[{"href":"https:\/\/uuee.ejercito.mil.uy\/ecome\/wp-json\/wp\/v2\/pages"}],"about":[{"href":"https:\/\/uuee.ejercito.mil.uy\/ecome\/wp-json\/wp\/v2\/types\/page"}],"author":[{"embeddable":true,"href":"https:\/\/uuee.ejercito.mil.uy\/ecome\/wp-json\/wp\/v2\/users\/2"}],"replies":[{"embeddable":true,"href":"https:\/\/uuee.ejercito.mil.uy\/ecome\/wp-json\/wp\/v2\/comments?post=41"}],"version-history":[{"count":3,"href":"https:\/\/uuee.ejercito.mil.uy\/ecome\/wp-json\/wp\/v2\/pages\/41\/revisions"}],"predecessor-version":[{"id":107,"href":"https:\/\/uuee.ejercito.mil.uy\/ecome\/wp-json\/wp\/v2\/pages\/41\/revisions\/107"}],"wp:attachment":[{"href":"https:\/\/uuee.ejercito.mil.uy\/ecome\/wp-json\/wp\/v2\/media?parent=41"}],"curies":[{"name":"wp","href":"https:\/\/api.w.org\/{rel}","templated":true}]}}