{"id":525,"date":"2025-08-08T20:37:09","date_gmt":"2025-08-08T18:37:09","guid":{"rendered":"https:\/\/uuee.ejercito.mil.uy\/cile\/?page_id=525"},"modified":"2026-03-27T13:32:15","modified_gmt":"2026-03-27T12:32:15","slug":"heraldica","status":"publish","type":"page","link":"https:\/\/uuee.ejercito.mil.uy\/cile\/heraldica\/","title":{"rendered":"HER\u00c1LDICA"},"content":{"rendered":"\n<h2 class=\"wp-block-heading\"><em><strong><mark style=\"background-color:var(--nv-site-bg)\" class=\"has-inline-color has-neve-link-hover-color-color\">HER\u00c1LDICA DEL CENTRO DE INSTRUCCI\u00d3N DE LOG\u00cdSTICA DEL EJ\u00c9RCITO<\/mark><\/strong><\/em><\/h2>\n\n\n\n<figure class=\"wp-block-image size-large\"><img loading=\"lazy\" decoding=\"async\" width=\"902\" height=\"1024\" src=\"https:\/\/uuee.ejercito.mil.uy\/cile\/wp-content\/uploads\/sites\/7\/2024\/12\/CILE-ESCUDO-902x1024.jpg\" alt=\"\" class=\"wp-image-201\" srcset=\"https:\/\/uuee.ejercito.mil.uy\/cile\/wp-content\/uploads\/sites\/7\/2024\/12\/CILE-ESCUDO-902x1024.jpg 902w, https:\/\/uuee.ejercito.mil.uy\/cile\/wp-content\/uploads\/sites\/7\/2024\/12\/CILE-ESCUDO-264x300.jpg 264w, https:\/\/uuee.ejercito.mil.uy\/cile\/wp-content\/uploads\/sites\/7\/2024\/12\/CILE-ESCUDO-768x872.jpg 768w, https:\/\/uuee.ejercito.mil.uy\/cile\/wp-content\/uploads\/sites\/7\/2024\/12\/CILE-ESCUDO-1353x1536.jpg 1353w, https:\/\/uuee.ejercito.mil.uy\/cile\/wp-content\/uploads\/sites\/7\/2024\/12\/CILE-ESCUDO.jpg 1789w\" sizes=\"auto, (max-width: 902px) 100vw, 902px\" \/><\/figure>\n\n\n\n<h2 class=\"wp-block-heading\">DESCRIPCI\u00d3N<\/h2>\n\n\n\n<p>-Acorde a las reglas her\u00e1ldicas, las Armas de una instituci\u00f3n son el conjunto reunido en un Escudo de Armas de todos sus blasones y ornamentos exteriores. De acuerdo a este principio se ha dise\u00f1ado un Escudo de Armas que represente la jerarqu\u00eda y rica tradici\u00f3n de la Log\u00edstica, recogida por el Centro de Instrucci\u00f3n de Log\u00edstica del Ej\u00e9rcito cuya forma responde al escudo m\u00e1s antiguo de las tradiciones ib\u00e9ricas, siendo este rectangular, con altura superior a la base, la cual es sustituida por un arco. Se destaca la presencia de un yelmo, s\u00edmbolo tradicionalmente reconocido para identificar a los hombres de armas y que, en nuestro caso, reafirma el concepto de la superioridad del ser humano y sus valores sobre los dem\u00e1s elementos del Arte Militar. El dise\u00f1o subsecuente se ha establecido de la siguiente forma:<\/p>\n\n\n\n<h2 class=\"wp-block-heading\"><strong>a.- Timbres<\/strong><\/h2>\n\n\n\n<ul class=\"wp-block-list\">\n<li>El yelmo o celada aparece de perfil hacia la diestra (derecha del escudo) sobre el jefe o parte superior del escudo, y se ajusta a lo establecido internacionalmente para Unidades Militares, siendo de plata (blanco), terciada con rejilla de cinco barras claveteadas y perfiladas de oro (amarillo), correspondientes a quienes tienen jurisdicci\u00f3n militar sobre otras Unidades (Coronel del Ej\u00e9rcito timbra sus armer\u00edas con celada de Bar\u00f3n). La posici\u00f3n de perfil indica a su vez subordinaci\u00f3n y dedicaci\u00f3n profesional a la actividad militar.<\/li>\n\n\n\n<li>Los lambrequines u ornamentos exteriores, con forma de hojas o telas, que enmarcan el escudo, tienen su origen en los capotes o elementos protectores que usaban los antiguos guerreros para protegerse del ardor del sol y la humedad del roc\u00edo y lluvia, constituyendo su orgullo al flamear al viento en momentos de lanzarse al combate. Generalmente su color es el mismo del campo del escudo, salvo que correspondan a colores particulares empleados en el transcurso de diversas campa\u00f1as. Los colores oro (amarillo) y azur (azul), provienen del campo del escudo, y son los constitutivos de los ornamentos de este Centro de Instrucci\u00f3n. El color oro representa la nobleza y la constancia, virtudes de este Centro de Instrucci\u00f3n para cumplir con sus cometidos, y el color azur (azul) representa la verdadera inteligencia, el movimiento del pensamiento que busca el principio divino en la materia.<\/li>\n<\/ul>\n\n\n\n<h2 class=\"wp-block-heading\"><strong>b.- Escudo de Armas<\/strong><\/h2>\n\n\n\n<p>Se ha optado por un dise\u00f1o simple, de larga tradici\u00f3n ib\u00e9rica. La forma del antiguo escudo de armas usado en la Pen\u00ednsula Ib\u00e9rica est\u00e1 dada por sus proporciones, llamadas latitud y longitud, medidas en sentido vertical y horizontal respectivamente, que son de 6\/5, o sea, seis partes en la altura por cinco en la base del rect\u00e1ngulo originario, cuyo borde inferior es redondeado.<\/p>\n\n\n\n<h2 class=\"wp-block-heading\"><strong>c.- Blasones<\/strong><\/h2>\n\n\n\n<p>En campo de azur (azul), le\u00f3n rampante leonado (casta\u00f1o) mazonado de sable (negro), portando en sus garras un escudo de plata con rueda dentada de diez dientes, pasada de espada, (ambas de oro y perfiladas de sable) y un libro abierto en plata perfilado en sable.<\/p>\n\n\n\n<p>La figura del le\u00f3n rampante, simboliza un esp\u00edritu generosamente guerrero, con cualidades de soberan\u00eda y dominio.<\/p>\n\n\n\n<p>La rueda dentada simboliza al <a href=\"http:\/\/es.wikipedia.org\/wiki\/Mecanismo\">mecanismo<\/a> utilizado para transmitir potencia de un componente a otro dentro de una m\u00e1quina. Representa a su vez la exactitud con la que deber\u00e1n sincronizarse las funciones log\u00edsticas para atender a las actividades del Ej\u00e9rcito en operaciones. En her\u00e1ldica representa el crecimiento.<\/p>\n\n\n\n<p>La espada s\u00edmbolo del Arte Militar, representativa de la justicia y la soberan\u00eda, desenvainada con la punta hacia arriba significa la adecuada preparaci\u00f3n y la prontitud para la acci\u00f3n.<\/p>\n\n\n\n<p>El libro abierto representa el cometido de la preparaci\u00f3n del personal para especializarse en el \u00e1rea log\u00edstica, a trav\u00e9s de los diferentes cursos que se dictan en el Centro de Instrucci\u00f3n de Log\u00edstica del Ej\u00e9rcito.<\/p>\n\n\n\n<h2 class=\"wp-block-heading\"><strong>d.- Divisa<\/strong><\/h2>\n\n\n\n<p>La Divisa es una breve y expresiva sentencia que figura en una cinta o list\u00f3n que se acostumbra a colocar en la parte inferior de los escudos. En este caso, la divisa, en fondo azur (azul) expresa la denominaci\u00f3n oficial del CENTRO DE INSTRUCCI\u00d3N DE LOG\u00cdSTICA DEL EJ\u00c9RCITO.<\/p>\n","protected":false},"excerpt":{"rendered":"<p>HER\u00c1LDICA DEL CENTRO DE INSTRUCCI\u00d3N DE LOG\u00cdSTICA DEL EJ\u00c9RCITO DESCRIPCI\u00d3N -Acorde a las reglas her\u00e1ldicas, las Armas de una instituci\u00f3n son el conjunto reunido en un Escudo de Armas de todos sus blasones y ornamentos exteriores. De acuerdo a este principio se ha dise\u00f1ado un Escudo de Armas que represente la jerarqu\u00eda y rica tradici\u00f3n&hellip;&nbsp;<a href=\"https:\/\/uuee.ejercito.mil.uy\/cile\/heraldica\/\" rel=\"bookmark\">Leer m\u00e1s &raquo;<span class=\"screen-reader-text\">HER\u00c1LDICA<\/span><\/a><\/p>\n","protected":false},"author":1,"featured_media":0,"parent":0,"menu_order":0,"comment_status":"closed","ping_status":"closed","template":"","meta":{"neve_meta_sidebar":"","neve_meta_container":"","neve_meta_enable_content_width":"","neve_meta_content_width":0,"neve_meta_title_alignment":"","neve_meta_author_avatar":"","neve_post_elements_order":"","neve_meta_disable_header":"","neve_meta_disable_footer":"","neve_meta_disable_title":"on","footnotes":""},"class_list":["post-525","page","type-page","status-publish","hentry"],"_links":{"self":[{"href":"https:\/\/uuee.ejercito.mil.uy\/cile\/wp-json\/wp\/v2\/pages\/525","targetHints":{"allow":["GET"]}}],"collection":[{"href":"https:\/\/uuee.ejercito.mil.uy\/cile\/wp-json\/wp\/v2\/pages"}],"about":[{"href":"https:\/\/uuee.ejercito.mil.uy\/cile\/wp-json\/wp\/v2\/types\/page"}],"author":[{"embeddable":true,"href":"https:\/\/uuee.ejercito.mil.uy\/cile\/wp-json\/wp\/v2\/users\/1"}],"replies":[{"embeddable":true,"href":"https:\/\/uuee.ejercito.mil.uy\/cile\/wp-json\/wp\/v2\/comments?post=525"}],"version-history":[{"count":2,"href":"https:\/\/uuee.ejercito.mil.uy\/cile\/wp-json\/wp\/v2\/pages\/525\/revisions"}],"predecessor-version":[{"id":730,"href":"https:\/\/uuee.ejercito.mil.uy\/cile\/wp-json\/wp\/v2\/pages\/525\/revisions\/730"}],"wp:attachment":[{"href":"https:\/\/uuee.ejercito.mil.uy\/cile\/wp-json\/wp\/v2\/media?parent=525"}],"curies":[{"name":"wp","href":"https:\/\/api.w.org\/{rel}","templated":true}]}}