{"id":25,"date":"2024-10-22T16:34:17","date_gmt":"2024-10-22T14:34:17","guid":{"rendered":"https:\/\/uuee.ejercito.mil.uy\/cile\/?page_id=25"},"modified":"2026-04-14T18:31:49","modified_gmt":"2026-04-14T16:31:49","slug":"c-i-l-e","status":"publish","type":"page","link":"https:\/\/uuee.ejercito.mil.uy\/cile\/","title":{"rendered":"INSTITUCI\u00d3N"},"content":{"rendered":"\n<div class=\"wp-block-group\"><div class=\"wp-block-group__inner-container is-layout-constrained wp-container-core-group-is-layout-04692c70 wp-block-group-is-layout-constrained\">\n<h1 class=\"wp-block-heading alignfull has-text-align-center has-x-large-font-size\"><em>Bienvenidos al                         Centro de Instrucci\u00f3n de Log\u00edstica del Ej\u00e9rcito <\/em><\/h1>\n\n\n\n<p class=\"has-text-align-center\"><img decoding=\"async\" class=\"wp-image-27\" style=\"width: 150px\" src=\"http:\/\/uuee.ejercito.mil.uy\/cile\/wp-content\/uploads\/sites\/7\/2024\/09\/image011.png\" alt=\"\"><\/p>\n\n\n\n<div style=\"height:20px\" aria-hidden=\"true\" class=\"wp-block-spacer\"><\/div>\n\n\n\n<h4 class=\"wp-block-heading has-text-align-center\">Centro destinado a capacitar y perfeccionar al Personal de las Fuerzas Armadas<\/h4>\n\n\n\n<div class=\"wp-block-buttons is-content-justification-center is-layout-flex wp-container-core-buttons-is-layout-16018d1d wp-block-buttons-is-layout-flex\">\n<div class=\"wp-block-button\"><a class=\"wp-block-button__link wp-element-button\">Sobre nosotros<\/a><\/div>\n<\/div>\n<\/div><\/div>\n\n\n\n<figure class=\"wp-block-video\"><video height=\"1018\" style=\"aspect-ratio: 2036 \/ 1018;\" width=\"2036\" autoplay loop muted src=\"https:\/\/uuee.ejercito.mil.uy\/cile\/wp-content\/uploads\/sites\/7\/2026\/04\/C.I.L.E-web.mp4\" playsinline><\/video><\/figure>\n\n\n\n<h2 class=\"wp-block-heading has-text-align-center is-style-asterisk\"><\/h2>\n\n\n\n<div class=\"wp-block-group alignfull has-base-2-background-color has-background\" style=\"margin-top:0;margin-bottom:0;padding-top:var(--wp--preset--spacing--50);padding-right:var(--wp--preset--spacing--50);padding-bottom:var(--wp--preset--spacing--50);padding-left:var(--wp--preset--spacing--50)\"><div class=\"wp-block-group__inner-container is-layout-constrained wp-container-core-group-is-layout-2bafd31c wp-block-group-is-layout-constrained\">\n<div class=\"wp-block-columns alignwide is-layout-flex wp-container-core-columns-is-layout-2aabe216 wp-block-columns-is-layout-flex\">\n<div class=\"wp-block-column is-vertically-aligned-stretch is-layout-flow wp-block-column-is-layout-flow\">\n<p class=\"has-text-align-left\"><strong>MISI\u00d3N<\/strong><\/p>\n\n\n\n<p class=\"has-text-align-left\">En el \u00e1mbito del C.A.L.E se encuentra el C.I.L.E (Centro de Instrucci\u00f3n de Log\u00edstica del Ej\u00e9rcito) que tiene como misi\u00f3n planificar, dirigir, coordinar y supervisar el desarrollo de los diferentes cursos que se llevan a cabo en los Servicios Dependientes del mismo ; con el objetivo de capacitar y perfeccionar al Personal Militar en el desempe\u00f1o de tareas incluidas en el \u00e1rea de la Log\u00edstica, aplicando conocimientos en la materia, para los diferentes niveles.<\/p>\n\n\n\n<p class=\"has-text-align-left\">Actuar como \u00d3rgano Asesor, contribuyendo en la formulaci\u00f3n y actualizaci\u00f3n de la doctrina Log\u00edstica del Ej\u00e9rcito, as\u00ed como en lo referente a necesidades y previsiones de Personal id\u00f3neo en las diferentes \u00e1reas y niveles.<br>Mantener el enlace y coordinaci\u00f3n con el Sistema de Ense\u00f1anza del Ej\u00e9rcito (S.E.E.), as\u00ed como con los Departamentos de Instrucci\u00f3n y Log\u00edstica del Estado Mayor del Ej\u00e9rcito (E.M.E.), propiciando la formaci\u00f3n de t\u00e9cnicos y especialistas, que se entienda necesarios, para una optimizaci\u00f3n en la gesti\u00f3n de la Log\u00edstica en el \u00e1mbito de la Fuerza.<\/p>\n\n\n\n<p class=\"has-text-align-left\"><\/p>\n<\/div>\n\n\n\n<div class=\"wp-block-column is-layout-flow wp-block-column-is-layout-flow\">\n<p class=\"has-text-align-left\"><strong>FUNCIONES<\/strong><\/p>\n\n\n\n<p class=\"has-text-align-left\">Planificar, coordinar, dirigir y supervisar los Cursos de Capacitaci\u00f3n y Perfeccionamiento que se dicten en los Servicios Dependientes del C.A.L.E., siempre que dichos cursos pertenezcan al \u00e1rea Log\u00edstica. <br>Planificar , dirigir y ejecutar el cr\u00e9dito asignado a dietas militares de este Centro la instrucci\u00f3n y de sus Servicios Dependientes y su posterior elevaci\u00f3n al Departamento Financiero Contable del Ej\u00e9rcito.<br>Proponer al S.E.E., los diferentes Cursos a pa\u00edses extranjeros, as\u00ed como la modificaci\u00f3n o creaci\u00f3n de Cursos a dictarse en el \u00e1mbito del C.A.L.E.<br>Mantener actualizada la informaci\u00f3n relativa a la evoluci\u00f3n de los sistemas log\u00edsticos tanto en el \u00e1mbito civil, como en el de otros Ej\u00e9rcitos.<\/p>\n\n\n\n<p class=\"has-text-align-left\">Planificar, dirigir y asentar las propuestas de Instructores y Profesores en el Sistema Personal del Ej\u00e9rcito (S.P.E.) y su posterior elevaci\u00f3n al S.E.E.<br>Planificar, dirigir y ejecutar el cr\u00e9dito asignado a dietas militares de este Centro de Instrucci\u00f3n y de sus Servicios Dependientes y su posterior elevaci\u00f3n al Departamento Financiero Contable del Ej\u00e9rcito.<\/p>\n\n\n\n<p class=\"has-text-align-left\"><\/p>\n\n\n\n<p class=\"has-text-align-left\"><\/p>\n<\/div>\n<\/div>\n\n\n\n<p class=\"has-text-align-left\"><\/p>\n\n\n\n<div style=\"height:var(--wp--preset--spacing--20)\" aria-hidden=\"true\" class=\"wp-block-spacer\"><\/div>\n\n\n\n<div class=\"wp-block-columns alignwide is-layout-flex wp-container-core-columns-is-layout-2aabe216 wp-block-columns-is-layout-flex\">\n<div class=\"wp-block-column is-layout-flow wp-block-column-is-layout-flow\">\n<p class=\"has-text-align-left\"><\/p>\n<\/div>\n\n\n\n<div class=\"wp-block-column is-layout-flow wp-block-column-is-layout-flow\">\n<p class=\"has-text-align-left\"><\/p>\n\n\n\n<p class=\"has-text-align-left\"><\/p>\n<\/div>\n\n\n\n<div class=\"wp-block-column is-layout-flow wp-block-column-is-layout-flow\">\n<p class=\"has-text-align-left\"><\/p>\n<\/div>\n<\/div>\n<\/div><\/div>\n","protected":false},"excerpt":{"rendered":"<p>Bienvenidos al Centro de Instrucci\u00f3n de Log\u00edstica del Ej\u00e9rcito Centro destinado a capacitar y perfeccionar al Personal de las Fuerzas Armadas MISI\u00d3N En el \u00e1mbito del C.A.L.E se encuentra el C.I.L.E (Centro de Instrucci\u00f3n de Log\u00edstica del Ej\u00e9rcito) que tiene como misi\u00f3n planificar, dirigir, coordinar y supervisar el desarrollo de los diferentes cursos que se&hellip;&nbsp;<a href=\"https:\/\/uuee.ejercito.mil.uy\/cile\/\" rel=\"bookmark\">Leer m\u00e1s &raquo;<span class=\"screen-reader-text\">INSTITUCI\u00d3N<\/span><\/a><\/p>\n","protected":false},"author":11,"featured_media":0,"parent":0,"menu_order":0,"comment_status":"closed","ping_status":"closed","template":"","meta":{"neve_meta_sidebar":"","neve_meta_container":"","neve_meta_enable_content_width":"","neve_meta_content_width":0,"neve_meta_title_alignment":"","neve_meta_author_avatar":"","neve_post_elements_order":"","neve_meta_disable_header":"off","neve_meta_disable_footer":"","neve_meta_disable_title":"on","footnotes":"[]"},"class_list":["post-25","page","type-page","status-publish","hentry"],"_links":{"self":[{"href":"https:\/\/uuee.ejercito.mil.uy\/cile\/wp-json\/wp\/v2\/pages\/25","targetHints":{"allow":["GET"]}}],"collection":[{"href":"https:\/\/uuee.ejercito.mil.uy\/cile\/wp-json\/wp\/v2\/pages"}],"about":[{"href":"https:\/\/uuee.ejercito.mil.uy\/cile\/wp-json\/wp\/v2\/types\/page"}],"author":[{"embeddable":true,"href":"https:\/\/uuee.ejercito.mil.uy\/cile\/wp-json\/wp\/v2\/users\/11"}],"replies":[{"embeddable":true,"href":"https:\/\/uuee.ejercito.mil.uy\/cile\/wp-json\/wp\/v2\/comments?post=25"}],"version-history":[{"count":36,"href":"https:\/\/uuee.ejercito.mil.uy\/cile\/wp-json\/wp\/v2\/pages\/25\/revisions"}],"predecessor-version":[{"id":775,"href":"https:\/\/uuee.ejercito.mil.uy\/cile\/wp-json\/wp\/v2\/pages\/25\/revisions\/775"}],"wp:attachment":[{"href":"https:\/\/uuee.ejercito.mil.uy\/cile\/wp-json\/wp\/v2\/media?parent=25"}],"curies":[{"name":"wp","href":"https:\/\/api.w.org\/{rel}","templated":true}]}}