{"id":22,"date":"2024-11-07T16:32:58","date_gmt":"2024-11-07T15:32:58","guid":{"rendered":"https:\/\/uuee.ejercito.mil.uy\/cile\/?page_id=22"},"modified":"2026-04-13T14:14:24","modified_gmt":"2026-04-13T12:14:24","slug":"cursos","status":"publish","type":"page","link":"https:\/\/uuee.ejercito.mil.uy\/cile\/cursos\/","title":{"rendered":"CURSOS"},"content":{"rendered":"\n<div class=\"wp-block-cover is-light\"><video class=\"wp-block-cover__video-background intrinsic-ignore\" autoplay muted loop playsinline src=\"https:\/\/uuee.ejercito.mil.uy\/cile\/wp-content\/uploads\/sites\/7\/2026\/04\/PAG.WE-1.mp4\" data-object-fit=\"cover\"><\/video><span aria-hidden=\"true\" class=\"wp-block-cover__background has-background-dim\" style=\"background-color:#b9b6b3\"><\/span><div class=\"wp-block-cover__inner-container is-layout-flow wp-block-cover-is-layout-flow\">\n<h1 class=\"wp-block-heading has-text-align-center has-large-font-size\"><em> COMANDO DE   APOYO   LOG\u00cdSTICO   DEL   EJ\u00c9RCITO  <\/em><\/h1>\n<\/div><\/div>\n\n\n\n<div class=\"wp-block-group alignfull\" style=\"margin-top:0;margin-bottom:0;padding-top:var(--wp--preset--spacing--50);padding-right:var(--wp--preset--spacing--50);padding-bottom:var(--wp--preset--spacing--50);padding-left:var(--wp--preset--spacing--50)\"><div class=\"wp-block-group__inner-container is-layout-constrained wp-container-core-group-is-layout-9cf8f26d wp-block-group-is-layout-constrained\">\n<p><\/p>\n\n\n\n<h1 class=\"wp-block-heading has-text-align-center\">CURSOS C.I.L.E <\/h1>\n\n\n\n<p><\/p>\n\n\n\n<div class=\"wp-block-group alignwide\"><div class=\"wp-block-group__inner-container is-layout-constrained wp-block-group-is-layout-constrained\">\n<div class=\"wp-block-columns has-nv-light-bg-background-color has-background is-layout-flex wp-container-core-columns-is-layout-9d6595d7 wp-block-columns-is-layout-flex\">\n<div class=\"wp-block-column is-layout-flow wp-block-column-is-layout-flow\" style=\"flex-basis:50%\"><div class=\"wp-block-image is-style-default\">\n<figure class=\"alignleft size-full is-resized\"><img loading=\"lazy\" decoding=\"async\" width=\"213\" height=\"183\" src=\"http:\/\/uuee.ejercito.mil.uy\/cile\/wp-content\/uploads\/sites\/7\/2024\/11\/image011.png\" alt=\"\" class=\"wp-image-114\" style=\"width:219px;height:auto\" \/><\/figure>\n<\/div><\/div>\n\n\n\n<div class=\"wp-block-column is-layout-flow wp-block-column-is-layout-flow\" style=\"flex-basis:50%\">\n<h3 class=\"wp-block-heading is-style-asterisk\">C.I.L.E<\/h3>\n\n\n\n<ul class=\"wp-block-list\">\n<li>-CURSO LOG\u00cdSTICA INTEGRAL.<\/li>\n\n\n\n<li>-CAPACITACI\u00d3N DE CONOCIMIENTOS PARA OFL. DEL ESC. APY (S. y C.).<\/li>\n\n\n\n<li>-MEDIDAS DE SEGURIDAD Y CONTROL EN EL MANEJO DE COMBUSTIBLE.<\/li>\n\n\n\n<li>-PREPARACI\u00d3N DE CARGA POR V\u00cdA MAR\u00cdTIMA Y A\u00c9REA.<\/li>\n\n\n\n<li>APOYO LOG\u00cdSTICO A M.O.P.<\/li>\n<\/ul>\n<\/div>\n<\/div>\n\n\n\n<div class=\"wp-block-columns alignwide is-layout-flex wp-container-core-columns-is-layout-b1b80ead wp-block-columns-is-layout-flex\">\n<div class=\"wp-block-column is-layout-flow wp-block-column-is-layout-flow\" style=\"flex-basis:50%\">\n<figure class=\"wp-block-image size-full is-resized is-style-rounded\"><img loading=\"lazy\" decoding=\"async\" width=\"260\" height=\"194\" src=\"http:\/\/uuee.ejercito.mil.uy\/cile\/wp-content\/uploads\/sites\/7\/2024\/10\/images-1.jpg\" alt=\"\" class=\"wp-image-56\" style=\"width:272px;height:auto\" \/><figcaption class=\"wp-element-caption\"><br><br><br><\/figcaption><\/figure>\n<\/div>\n\n\n\n<div class=\"wp-block-column is-vertically-aligned-center is-layout-flow wp-block-column-is-layout-flow\" style=\"flex-basis:40%\">\n<h3 class=\"wp-block-heading is-style-asterisk\"><strong>S.M.A<\/strong><\/h3>\n\n\n\n<ul class=\"wp-block-list\">\n<li>-OFICIAL DE MATERIAL Y ARMAMENTO ..<\/li>\n\n\n\n<li>-M\u00c9CANICA Y ELECTRICIDAD AUTOMOTRIZ.<\/li>\n\n\n\n<li>-BUSQUEDA Y MEDIDA DE PROTECCI\u00d3N CONTRA ARTEFACTOS EXPLOSIVOS.<\/li>\n\n\n\n<li>-DESACTIVACI\u00d3N DE ARTEFACTOS EXPLOSIVOS REGLAMENTARIOS E IMPROVISADOS.<\/li>\n\n\n\n<li>-SARGENTO DE MOTORES.<\/li>\n\n\n\n<li>-SARGENTO DE ARMAMENTO Y MUNICI\u00d3N<\/li>\n\n\n\n<li>-ESPECIALIZACI\u00d3N DE  MEC\u00c1NICA  PARA MATERIAL BLINDADO (MOWAG).<\/li>\n\n\n\n<li>-GOMERO.<\/li>\n\n\n\n<li>-ARMERO MILITAR.<\/li>\n\n\n\n<li>CURSO DE OPERACI\u00d3N Y MANTENIMIENTO LOG\u00cdSTICO DE LOS VEH\u00cdCULOS MECANIZADOS MK7 MAMBA.<\/li>\n<\/ul>\n<\/div>\n<\/div>\n\n\n\n<div style=\"height:16px\" aria-hidden=\"true\" class=\"wp-block-spacer\"><\/div>\n\n\n\n<div class=\"wp-block-columns alignwide has-nv-light-bg-background-color has-background is-layout-flex wp-container-core-columns-is-layout-b1b80ead wp-block-columns-is-layout-flex\">\n<div class=\"wp-block-column is-layout-flow wp-block-column-is-layout-flow\" style=\"flex-basis:50%\">\n<figure class=\"wp-block-image size-full is-resized is-style-rounded\"><img loading=\"lazy\" decoding=\"async\" width=\"213\" height=\"215\" src=\"http:\/\/uuee.ejercito.mil.uy\/cile\/wp-content\/uploads\/sites\/7\/2024\/10\/image083.png\" alt=\"\" class=\"wp-image-47\" style=\"aspect-ratio:0.9907280496654035;width:210px;height:auto\" srcset=\"https:\/\/uuee.ejercito.mil.uy\/cile\/wp-content\/uploads\/sites\/7\/2024\/10\/image083.png 213w, https:\/\/uuee.ejercito.mil.uy\/cile\/wp-content\/uploads\/sites\/7\/2024\/10\/image083-150x150.png 150w\" sizes=\"auto, (max-width: 213px) 100vw, 213px\" \/><figcaption class=\"wp-element-caption\"><br><br><br><\/figcaption><\/figure>\n<\/div>\n\n\n\n<div class=\"wp-block-column is-vertically-aligned-center is-layout-flow wp-block-column-is-layout-flow\" style=\"flex-basis:40%\">\n<h3 class=\"wp-block-heading is-style-asterisk\">I.G.M<\/h3>\n\n\n\n<ul class=\"wp-block-list\">\n<li>-CARTOGRAF\u00cdA B\u00c1SICA Y USO DE RECEPTORES SATELITALES<\/li>\n<\/ul>\n<\/div>\n<\/div>\n\n\n\n<div class=\"wp-block-columns is-layout-flex wp-container-core-columns-is-layout-9d6595d7 wp-block-columns-is-layout-flex\">\n<div class=\"wp-block-column is-layout-flow wp-block-column-is-layout-flow\" style=\"flex-basis:50%\"><div class=\"wp-block-image is-style-default\">\n<figure class=\"alignleft size-full is-resized\"><img loading=\"lazy\" decoding=\"async\" width=\"114\" height=\"76\" src=\"http:\/\/uuee.ejercito.mil.uy\/cile\/wp-content\/uploads\/sites\/7\/2024\/10\/image091.jpg\" alt=\"\" class=\"wp-image-51\" style=\"aspect-ratio:1.5000984833563127;width:246px;height:auto\" \/><\/figure>\n<\/div><\/div>\n\n\n\n<div class=\"wp-block-column is-layout-flow wp-block-column-is-layout-flow\" style=\"flex-basis:50%\">\n<h3 class=\"wp-block-heading is-style-asterisk\">     <strong>S.<\/strong>I.E<\/h3>\n\n\n\n<ul class=\"wp-block-list\">\n<li>-OPERACI\u00d3N Y MANTENIMIENTO DE COCINAS DE CAMPA\u00d1A.<\/li>\n\n\n\n<li>-RACHERO DE UNIDAD Y\/O REPARTICI\u00d3N.<\/li>\n\n\n\n<li>-CURSILLO DE INSTRUCCI\u00d3N PARA OFICIALES Y SUB OFICIALES DE ADMINISTRACI\u00d3N.<\/li>\n<\/ul>\n<\/div>\n<\/div>\n\n\n\n<div class=\"wp-block-columns is-layout-flex wp-container-core-columns-is-layout-9d6595d7 wp-block-columns-is-layout-flex\">\n<div class=\"wp-block-column is-layout-flow wp-block-column-is-layout-flow\" style=\"flex-basis:50%\"><\/div>\n\n\n\n<div class=\"wp-block-column is-layout-flow wp-block-column-is-layout-flow\" style=\"flex-basis:50%\"><\/div>\n<\/div>\n\n\n\n<div class=\"wp-block-columns has-nv-light-bg-background-color has-background is-layout-flex wp-container-core-columns-is-layout-9d6595d7 wp-block-columns-is-layout-flex\">\n<div class=\"wp-block-column is-layout-flow wp-block-column-is-layout-flow\" style=\"flex-basis:50%\"><div class=\"wp-block-image\">\n<figure class=\"alignleft size-full is-resized\"><img loading=\"lazy\" decoding=\"async\" width=\"754\" height=\"745\" src=\"http:\/\/uuee.ejercito.mil.uy\/cile\/wp-content\/uploads\/sites\/7\/2024\/10\/transp.-escudo.jpg\" alt=\"\" class=\"wp-image-45\" style=\"aspect-ratio:1.0121533187909006;width:220px;height:auto\" srcset=\"https:\/\/uuee.ejercito.mil.uy\/cile\/wp-content\/uploads\/sites\/7\/2024\/10\/transp.-escudo.jpg 754w, https:\/\/uuee.ejercito.mil.uy\/cile\/wp-content\/uploads\/sites\/7\/2024\/10\/transp.-escudo-300x296.jpg 300w\" sizes=\"auto, (max-width: 754px) 100vw, 754px\" \/><\/figure>\n<\/div><\/div>\n\n\n\n<div class=\"wp-block-column is-layout-flow wp-block-column-is-layout-flow\" style=\"flex-basis:50%\">\n<h3 class=\"wp-block-heading is-style-asterisk\">S.Tp.E.<\/h3>\n\n\n\n<ul class=\"wp-block-list\">\n<li>-CONDUCTORES DE VEH\u00cdCULOS LIVIANO.<\/li>\n\n\n\n<li>-CONDUCTORES DE CHATAS Y \u00d3MNIBUS.<\/li>\n\n\n\n<li>-CONDUCTORES DE VEH\u00cdCULOS PESADOS.<\/li>\n<\/ul>\n<\/div>\n<\/div>\n\n\n\n<div class=\"wp-block-columns has-nv-site-bg-background-color has-background is-layout-flex wp-container-core-columns-is-layout-9d6595d7 wp-block-columns-is-layout-flex\">\n<div class=\"wp-block-column is-vertically-aligned-stretch is-layout-flow wp-block-column-is-layout-flow\" style=\"flex-basis:50%\"><div class=\"wp-block-image\">\n<figure class=\"alignleft size-full is-resized\"><img loading=\"lazy\" decoding=\"async\" width=\"1080\" height=\"1080\" src=\"https:\/\/uuee.ejercito.mil.uy\/cile\/wp-content\/uploads\/sites\/7\/2026\/03\/sse-2-edited.jpg\" alt=\"\" class=\"wp-image-735\" style=\"width:288px;height:auto\" srcset=\"https:\/\/uuee.ejercito.mil.uy\/cile\/wp-content\/uploads\/sites\/7\/2026\/03\/sse-2-edited.jpg 1080w, https:\/\/uuee.ejercito.mil.uy\/cile\/wp-content\/uploads\/sites\/7\/2026\/03\/sse-2-edited-300x300.jpg 300w, https:\/\/uuee.ejercito.mil.uy\/cile\/wp-content\/uploads\/sites\/7\/2026\/03\/sse-2-edited-1024x1024.jpg 1024w, https:\/\/uuee.ejercito.mil.uy\/cile\/wp-content\/uploads\/sites\/7\/2026\/03\/sse-2-edited-150x150.jpg 150w, https:\/\/uuee.ejercito.mil.uy\/cile\/wp-content\/uploads\/sites\/7\/2026\/03\/sse-2-edited-768x768.jpg 768w\" sizes=\"auto, (max-width: 1080px) 100vw, 1080px\" \/><\/figure>\n<\/div><\/div>\n\n\n\n<div class=\"wp-block-column is-layout-flow wp-block-column-is-layout-flow\" style=\"flex-basis:50%\">\n<h3 class=\"wp-block-heading is-style-asterisk\">S.S.E.<\/h3>\n\n\n\n<ul class=\"wp-block-list\">\n<li>-PREPARACI\u00d3N DE UNIDADES M\u00c9DICAS PARA M.O.P.<\/li>\n<\/ul>\n<\/div>\n<\/div>\n\n\n\n<div class=\"wp-block-columns has-nv-light-bg-background-color has-background is-layout-flex wp-container-core-columns-is-layout-9d6595d7 wp-block-columns-is-layout-flex\">\n<div class=\"wp-block-column is-layout-flow wp-block-column-is-layout-flow\" style=\"flex-basis:50%\"><div class=\"wp-block-image\">\n<figure class=\"alignleft size-full is-resized\"><img loading=\"lazy\" decoding=\"async\" width=\"238\" height=\"220\" src=\"https:\/\/uuee.ejercito.mil.uy\/cile\/wp-content\/uploads\/sites\/7\/2026\/03\/veterinaria_y_remonta-removebg-preview.png\" alt=\"\" class=\"wp-image-740\" style=\"aspect-ratio:1.081855275210259;width:262px;height:auto\" \/><\/figure>\n<\/div><\/div>\n\n\n\n<div class=\"wp-block-column is-layout-flow wp-block-column-is-layout-flow\" style=\"flex-basis:50%\">\n<h3 class=\"wp-block-heading is-style-asterisk\">S.V.R<\/h3>\n\n\n\n<ul class=\"wp-block-list\">\n<li>-ENFERMERO VETERINARIO.<\/li>\n\n\n\n<li>-HERRADOR.<\/li>\n<\/ul>\n<\/div>\n<\/div>\n\n\n\n<div class=\"wp-block-columns is-layout-flex wp-container-core-columns-is-layout-9d6595d7 wp-block-columns-is-layout-flex\">\n<div class=\"wp-block-column is-layout-flow wp-block-column-is-layout-flow\" style=\"flex-basis:50%\">\n<h2 class=\"wp-block-heading\"><\/h2>\n<\/div>\n<\/div>\n<\/div><\/div>\n<\/div><\/div>\n\n\n\n<p><\/p>\n","protected":false},"excerpt":{"rendered":"<p>CURSOS C.I.L.E C.I.L.E S.M.A I.G.M S.I.E S.Tp.E. S.S.E. S.V.R<\/p>\n","protected":false},"author":11,"featured_media":0,"parent":0,"menu_order":0,"comment_status":"closed","ping_status":"closed","template":"","meta":{"neve_meta_sidebar":"","neve_meta_container":"","neve_meta_enable_content_width":"","neve_meta_content_width":0,"neve_meta_title_alignment":"","neve_meta_author_avatar":"","neve_post_elements_order":"","neve_meta_disable_header":"","neve_meta_disable_footer":"","neve_meta_disable_title":"on","footnotes":""},"class_list":["post-22","page","type-page","status-publish","hentry"],"_links":{"self":[{"href":"https:\/\/uuee.ejercito.mil.uy\/cile\/wp-json\/wp\/v2\/pages\/22","targetHints":{"allow":["GET"]}}],"collection":[{"href":"https:\/\/uuee.ejercito.mil.uy\/cile\/wp-json\/wp\/v2\/pages"}],"about":[{"href":"https:\/\/uuee.ejercito.mil.uy\/cile\/wp-json\/wp\/v2\/types\/page"}],"author":[{"embeddable":true,"href":"https:\/\/uuee.ejercito.mil.uy\/cile\/wp-json\/wp\/v2\/users\/11"}],"replies":[{"embeddable":true,"href":"https:\/\/uuee.ejercito.mil.uy\/cile\/wp-json\/wp\/v2\/comments?post=22"}],"version-history":[{"count":46,"href":"https:\/\/uuee.ejercito.mil.uy\/cile\/wp-json\/wp\/v2\/pages\/22\/revisions"}],"predecessor-version":[{"id":754,"href":"https:\/\/uuee.ejercito.mil.uy\/cile\/wp-json\/wp\/v2\/pages\/22\/revisions\/754"}],"wp:attachment":[{"href":"https:\/\/uuee.ejercito.mil.uy\/cile\/wp-json\/wp\/v2\/media?parent=22"}],"curies":[{"name":"wp","href":"https:\/\/api.w.org\/{rel}","templated":true}]}}