{"id":212,"date":"2024-12-23T14:19:28","date_gmt":"2024-12-23T13:19:28","guid":{"rendered":"https:\/\/uuee.ejercito.mil.uy\/cile\/?page_id=212"},"modified":"2024-12-23T14:27:47","modified_gmt":"2024-12-23T13:27:47","slug":"reglamento-de-organizacion-y-funciones-del-centro-de-instruccion-de-logistica-del-ejercito","status":"publish","type":"page","link":"https:\/\/uuee.ejercito.mil.uy\/cile\/reglamento-de-organizacion-y-funciones-del-centro-de-instruccion-de-logistica-del-ejercito\/","title":{"rendered":"ROF"},"content":{"rendered":"\n<h2 class=\"wp-block-heading\">REGLAMENTO DE ORGANIZACI\u00d3N Y FUNCIONES DEL CENTRO DE INSTRUCCI\u00d3N DE LOG\u00cdSTICA DEL EJ\u00c9RCITO<\/h2>\n\n\n\n<figure class=\"wp-block-image size-full is-resized\"><img loading=\"lazy\" decoding=\"async\" width=\"474\" height=\"474\" src=\"http:\/\/uuee.ejercito.mil.uy\/cile\/wp-content\/uploads\/sites\/7\/2024\/12\/escudo_ejer-removebg-preview.png\" alt=\"\" class=\"wp-image-214\" style=\"width:135px;height:auto\" srcset=\"https:\/\/uuee.ejercito.mil.uy\/cile\/wp-content\/uploads\/sites\/7\/2024\/12\/escudo_ejer-removebg-preview.png 474w, https:\/\/uuee.ejercito.mil.uy\/cile\/wp-content\/uploads\/sites\/7\/2024\/12\/escudo_ejer-removebg-preview-300x300.png 300w, https:\/\/uuee.ejercito.mil.uy\/cile\/wp-content\/uploads\/sites\/7\/2024\/12\/escudo_ejer-removebg-preview-150x150.png 150w\" sizes=\"auto, (max-width: 474px) 100vw, 474px\" \/><\/figure>\n\n\n\n<div data-wp-interactive=\"core\/file\" class=\"wp-block-file\"><object data-wp-bind--hidden=\"!state.hasPdfPreview\" hidden class=\"wp-block-file__embed\" data=\"https:\/\/uuee.ejercito.mil.uy\/cile\/wp-content\/uploads\/sites\/7\/2024\/12\/R.O.F.-CILE.pdf\" type=\"application\/pdf\" style=\"width:100%;height:600px\" aria-label=\"Incrustado de R.O.F. CILE.\"><\/object><a id=\"wp-block-file--media-fa425a55-0be8-4190-83fe-f191da0e1471\" href=\"https:\/\/uuee.ejercito.mil.uy\/cile\/wp-content\/uploads\/sites\/7\/2024\/12\/R.O.F.-CILE.pdf\">R.O.F. CILE<\/a><a href=\"https:\/\/uuee.ejercito.mil.uy\/cile\/wp-content\/uploads\/sites\/7\/2024\/12\/R.O.F.-CILE.pdf\" class=\"wp-block-file__button wp-element-button\" download aria-describedby=\"wp-block-file--media-fa425a55-0be8-4190-83fe-f191da0e1471\">Descarga<\/a><\/div>\n\n\n\n<h2 class=\"wp-block-heading\"><\/h2>\n","protected":false},"excerpt":{"rendered":"<p>REGLAMENTO DE ORGANIZACI\u00d3N Y FUNCIONES DEL CENTRO DE INSTRUCCI\u00d3N DE LOG\u00cdSTICA DEL EJ\u00c9RCITO<\/p>\n","protected":false},"author":11,"featured_media":0,"parent":0,"menu_order":0,"comment_status":"closed","ping_status":"closed","template":"","meta":{"neve_meta_sidebar":"","neve_meta_container":"","neve_meta_enable_content_width":"","neve_meta_content_width":0,"neve_meta_title_alignment":"","neve_meta_author_avatar":"","neve_post_elements_order":"","neve_meta_disable_header":"","neve_meta_disable_footer":"","neve_meta_disable_title":"on","footnotes":""},"class_list":["post-212","page","type-page","status-publish","hentry"],"_links":{"self":[{"href":"https:\/\/uuee.ejercito.mil.uy\/cile\/wp-json\/wp\/v2\/pages\/212","targetHints":{"allow":["GET"]}}],"collection":[{"href":"https:\/\/uuee.ejercito.mil.uy\/cile\/wp-json\/wp\/v2\/pages"}],"about":[{"href":"https:\/\/uuee.ejercito.mil.uy\/cile\/wp-json\/wp\/v2\/types\/page"}],"author":[{"embeddable":true,"href":"https:\/\/uuee.ejercito.mil.uy\/cile\/wp-json\/wp\/v2\/users\/11"}],"replies":[{"embeddable":true,"href":"https:\/\/uuee.ejercito.mil.uy\/cile\/wp-json\/wp\/v2\/comments?post=212"}],"version-history":[{"count":5,"href":"https:\/\/uuee.ejercito.mil.uy\/cile\/wp-json\/wp\/v2\/pages\/212\/revisions"}],"predecessor-version":[{"id":293,"href":"https:\/\/uuee.ejercito.mil.uy\/cile\/wp-json\/wp\/v2\/pages\/212\/revisions\/293"}],"wp:attachment":[{"href":"https:\/\/uuee.ejercito.mil.uy\/cile\/wp-json\/wp\/v2\/media?parent=212"}],"curies":[{"name":"wp","href":"https:\/\/api.w.org\/{rel}","templated":true}]}}